{"id":1388,"date":"2022-06-21T15:39:12","date_gmt":"2022-06-21T14:39:12","guid":{"rendered":"https:\/\/agripo.se\/etusivu\/"},"modified":"2023-11-23T13:05:47","modified_gmt":"2023-11-23T12:05:47","slug":"etusivu","status":"publish","type":"page","link":"https:\/\/agripo.se\/fi\/","title":{"rendered":"Etusivu"},"content":{"rendered":"\n<div class=\"wp-block-group alignfull has-white-color has-secondary-background-color has-text-color has-background is-layout-flow wp-block-group-is-layout-flow\"><div class=\"wp-block-group__inner-container\"><div class=\"wp-block-image\">\n<figure class=\"aligncenter size-full is-resized\"><img loading=\"lazy\" decoding=\"async\" width=\"484\" height=\"350\" src=\"https:\/\/agripo.se\/wp-content\/uploads\/2023\/11\/agripo-large.png\" alt=\"\" class=\"wp-image-1524\" style=\"width:209px;height:151px\" srcset=\"https:\/\/agripo.se\/wp-content\/uploads\/2023\/11\/agripo-large.png 484w, https:\/\/agripo.se\/wp-content\/uploads\/2023\/11\/agripo-large-300x217.png 300w, https:\/\/agripo.se\/wp-content\/uploads\/2023\/11\/agripo-large-400x289.png 400w\" sizes=\"(max-width: 484px) 100vw, 484px\" \/><\/figure><\/div>\n\n\n<h1 class=\"wp-block-heading alignwide has-text-align-center light has-base-color has-text-color\" id=\"salj-mer-rotfrukt-minska-svinn-och-spara-pa-dina-medarbetare\">MYY ENEMM\u00c4N JUUREKSIA, V\u00c4HENN\u00c4 H\u00c4VIKKI\u00c4 JA PARANNA HENKIL\u00d6KUNNAN TY\u00d6YMP\u00c4RIST\u00d6\u00c4.<\/h1>\n\n\n\n<p class=\"has-text-align-center has-medium-font-size\">Juuresten helppo k\u00e4sittely, fiksusti. Katso itse!<\/p>\n\n\n\n<figure class=\"wp-block-embed is-type-video is-provider-youtube wp-block-embed-youtube\"><div class=\"wp-block-embed__wrapper\">\n<div class=\"container-lazyload preview-lazyload container-youtube js-lazyload--not-loaded\"><a href=\"https:\/\/www.youtube.com\/watch?v=6l-Z_BYajR0\" class=\"lazy-load-youtube preview-lazyload preview-youtube\" data-video-title=\"The Agripo System \u2013 The Innovative Way To Sell Potatoes!\" title=\"Play video &quot;The Agripo System \u2013 The Innovative Way To Sell Potatoes!&quot;\">https:\/\/www.youtube.com\/watch?v=6l-Z_BYajR0<\/a><noscript>Video can&#8217;t be loaded because JavaScript is disabled: <a href=\"https:\/\/www.youtube.com\/watch?v=6l-Z_BYajR0\" title=\"The Agripo System \u2013 The Innovative Way To Sell Potatoes!\">The Agripo System \u2013 The Innovative Way To Sell Potatoes! (https:\/\/www.youtube.com\/watch?v=6l-Z_BYajR0)<\/a><\/noscript><\/div>\n<\/div><\/figure>\n<\/div><\/div>\n\n\n\n<div class=\"wp-block-group alignfull has-primary-background-color has-background is-layout-flow wp-block-group-is-layout-flow\"><div class=\"wp-block-group__inner-container\">\n<h2 class=\"wp-block-heading alignwide has-text-align-center\" id=\"systemforklaring-ligger-har\">AGRIPO<sup>\u00ae<\/sup> \u2013 J\u00c4RJESTELM\u00c4 PERUNAN <br>JA JUURESTEN MYYNTIIN<\/h2>\n\n\n\n<div style=\"height:20px\" aria-hidden=\"true\" class=\"wp-block-spacer\"><\/div>\n\n\n\n<div class=\"wp-block-columns alignwide is-layout-flex wp-container-core-columns-layout-1 wp-block-columns-is-layout-flex\">\n<div class=\"wp-block-column is-layout-flow wp-block-column-is-layout-flow\" style=\"flex-basis:50%\">\n<h4 class=\"wp-block-heading\">MIT\u00c4 J\u00c4RJESTELM\u00c4 TARJOAA MYYM\u00c4L\u00c4LLESI?<\/h4>\n\n\n\n<ul>\n<li>V\u00e4hent\u00e4\u00e4 k\u00e4sittelykustannuksia.<\/li>\n\n\n\n<li>Helpottaa henkil\u00f6kunnan ty\u00f6teht\u00e4vi\u00e4.<\/li>\n\n\n\n<li>V\u00e4hent\u00e4\u00e4 h\u00e4vikki\u00e4.<\/li>\n\n\n\n<li>Parantaa myynti\u00e4.<\/li>\n<\/ul>\n\n\n\n<div class=\"wp-block-buttons is-layout-flex wp-block-buttons-is-layout-flex\">\n<div class=\"wp-block-button is-style-fill\"><a class=\"wp-block-button__link has-white-color has-tertiary-background-color has-text-color has-background wp-element-button\" href=\"https:\/\/agripo.se\/fi\/kuinka-se-toimii\/\">AGRIPON<sup>\u00ae<\/sup> HY\u00d6DYT<\/a><\/div>\n<\/div>\n<\/div>\n\n\n\n<div class=\"wp-block-column is-layout-flow wp-block-column-is-layout-flow\" style=\"flex-basis:50%\">\n<figure class=\"wp-block-image size-full\"><img loading=\"lazy\" decoding=\"async\" width=\"640\" height=\"406\" src=\"https:\/\/agripo.se\/wp-content\/uploads\/2023\/11\/field-g5e84c1f4a-640-kopiera.jpg\" alt=\"\" class=\"wp-image-1530\" srcset=\"https:\/\/agripo.se\/wp-content\/uploads\/2023\/11\/field-g5e84c1f4a-640-kopiera.jpg 640w, https:\/\/agripo.se\/wp-content\/uploads\/2023\/11\/field-g5e84c1f4a-640-kopiera-300x190.jpg 300w, https:\/\/agripo.se\/wp-content\/uploads\/2023\/11\/field-g5e84c1f4a-640-kopiera-400x254.jpg 400w, https:\/\/agripo.se\/wp-content\/uploads\/2023\/11\/field-g5e84c1f4a-640-kopiera-600x381.jpg 600w\" sizes=\"(max-width: 640px) 100vw, 640px\" \/><\/figure>\n<\/div>\n<\/div>\n<\/div><\/div>\n\n\n\n<div class=\"wp-block-group alignfull has-base-background-color has-background is-layout-flow wp-block-group-is-layout-flow\"><div class=\"wp-block-group__inner-container\"><ul class=\"wp-block-latest-posts__list is-grid columns-4 alignwide wp-block-latest-posts\"><li><div class=\"wp-block-latest-posts__featured-image\"><a href=\"https:\/\/agripo.se\/fi\/havikki-minimiin-tehokkuus-maksimiin\/\" aria-label=\"H\u00e4vikki minimiin, tehokkuus maksimiin\"><img loading=\"lazy\" decoding=\"async\" width=\"775\" height=\"620\" src=\"https:\/\/agripo.se\/wp-content\/uploads\/2022\/04\/kehittyva-kauppa-kuvat-10-1-775x620.jpg\" class=\"attachment-magasin size-magasin wp-post-image\" alt=\"\" style=\"\" srcset=\"https:\/\/agripo.se\/wp-content\/uploads\/2022\/04\/kehittyva-kauppa-kuvat-10-1-775x620.jpg 775w, https:\/\/agripo.se\/wp-content\/uploads\/2022\/04\/kehittyva-kauppa-kuvat-10-1-500x400.jpg 500w\" sizes=\"(max-width: 775px) 100vw, 775px\" \/><\/a><\/div><a class=\"wp-block-latest-posts__post-title\" href=\"https:\/\/agripo.se\/fi\/havikki-minimiin-tehokkuus-maksimiin\/\">H\u00e4vikki minimiin, tehokkuus maksimiin<\/a><\/li>\n<li><div class=\"wp-block-latest-posts__featured-image\"><a href=\"https:\/\/agripo.se\/fi\/30-vuotta-menestysta\/\" aria-label=\"30 vuotta menestyst\u00e4\"><img loading=\"lazy\" decoding=\"async\" width=\"775\" height=\"620\" src=\"https:\/\/agripo.se\/wp-content\/uploads\/2022\/05\/potatoes-gf451a8e8e-1280-775x620.jpg\" class=\"attachment-magasin size-magasin wp-post-image\" alt=\"\" style=\"\" srcset=\"https:\/\/agripo.se\/wp-content\/uploads\/2022\/05\/potatoes-gf451a8e8e-1280-775x620.jpg 775w, https:\/\/agripo.se\/wp-content\/uploads\/2022\/05\/potatoes-gf451a8e8e-1280-500x400.jpg 500w\" sizes=\"(max-width: 775px) 100vw, 775px\" \/><\/a><\/div><a class=\"wp-block-latest-posts__post-title\" href=\"https:\/\/agripo.se\/fi\/30-vuotta-menestysta\/\">30 vuotta menestyst\u00e4<\/a><\/li>\n<li><div class=\"wp-block-latest-posts__featured-image\"><a href=\"https:\/\/agripo.se\/fi\/nostaa-esiin-seka-perunat-etta-paikalliset-toimittajat\/\" aria-label=\"Nostaa esiin sek\u00e4 perunat ett\u00e4 paikalliset toimittajat.\"><img loading=\"lazy\" decoding=\"async\" width=\"775\" height=\"620\" src=\"https:\/\/agripo.se\/wp-content\/uploads\/2022\/04\/jerker-hansson-775x620.jpg\" class=\"attachment-magasin size-magasin wp-post-image\" alt=\"\" style=\"\" srcset=\"https:\/\/agripo.se\/wp-content\/uploads\/2022\/04\/jerker-hansson-775x620.jpg 775w, https:\/\/agripo.se\/wp-content\/uploads\/2022\/04\/jerker-hansson-500x400.jpg 500w\" sizes=\"(max-width: 775px) 100vw, 775px\" \/><\/a><\/div><a class=\"wp-block-latest-posts__post-title\" href=\"https:\/\/agripo.se\/fi\/nostaa-esiin-seka-perunat-etta-paikalliset-toimittajat\/\">Nostaa esiin sek\u00e4 perunat ett\u00e4 paikalliset toimittajat.<\/a><\/li>\n<li><div class=\"wp-block-latest-posts__featured-image\"><a href=\"https:\/\/agripo.se\/fi\/hedelmat-ja-vihannekset-ovat-hyvaksi-terveydellesi\/\" aria-label=\"Hedelm\u00e4t ja vihannekset ovat hyv\u00e4ksi terveeydellesi\"><img loading=\"lazy\" decoding=\"async\" width=\"775\" height=\"620\" src=\"https:\/\/agripo.se\/wp-content\/uploads\/2022\/05\/6044118-21-2-775x620.jpg\" class=\"attachment-magasin size-magasin wp-post-image\" alt=\"\" style=\"\" srcset=\"https:\/\/agripo.se\/wp-content\/uploads\/2022\/05\/6044118-21-2-775x620.jpg 775w, https:\/\/agripo.se\/wp-content\/uploads\/2022\/05\/6044118-21-2-500x400.jpg 500w\" sizes=\"(max-width: 775px) 100vw, 775px\" \/><\/a><\/div><a class=\"wp-block-latest-posts__post-title\" href=\"https:\/\/agripo.se\/fi\/hedelmat-ja-vihannekset-ovat-hyvaksi-terveydellesi\/\">Hedelm\u00e4t ja vihannekset ovat hyv\u00e4ksi terveeydellesi<\/a><\/li>\n<\/ul><\/div><\/div>\n\n\n\n<div class=\"wp-block-group alignfull has-secondary-background-color has-background is-layout-flow wp-block-group-is-layout-flow\"><div class=\"wp-block-group__inner-container\">\n<h2 class=\"wp-block-heading has-text-align-center\" id=\"systemforklaring-ligger-har\">TUOTTEET<\/h2>\n\n\n\n<div style=\"height:20px\" aria-hidden=\"true\" class=\"wp-block-spacer\"><\/div>\n\n\n\n<div class=\"wp-block-columns alignwide is-layout-flex wp-container-core-columns-layout-2 wp-block-columns-is-layout-flex\">\n<div class=\"wp-block-column is-layout-flow wp-block-column-is-layout-flow\" style=\"flex-basis:33.34%\">\n<div class=\"wp-block-cover\" style=\"padding-top:10px;padding-right:10px;padding-bottom:10px;padding-left:10px;min-height:450px\"><span aria-hidden=\"true\" class=\"wp-block-cover__background has-primary-background-color has-background-dim-0 has-background-dim\"><\/span><img loading=\"lazy\" decoding=\"async\" width=\"300\" height=\"400\" class=\"wp-block-cover__image-background wp-image-725\" alt=\"\" src=\"https:\/\/agripo.se\/wp-content\/uploads\/2022\/05\/elektriska-rotfruktsautomater-1.jpg\" data-object-fit=\"cover\" srcset=\"https:\/\/agripo.se\/wp-content\/uploads\/2022\/05\/elektriska-rotfruktsautomater-1.jpg 300w, https:\/\/agripo.se\/wp-content\/uploads\/2022\/05\/elektriska-rotfruktsautomater-1-225x300.jpg 225w\" sizes=\"(max-width: 300px) 100vw, 300px\" \/><div class=\"wp-block-cover__inner-container is-layout-flow wp-block-cover-is-layout-flow\">\n<h4 class=\"wp-block-heading has-text-align-center has-white-color has-text-color has-background\" style=\"background-color:#f0ab00bf\"><a href=\"https:\/\/agripo.se\/fi\/produkt-kategori\/sahkoiset-juuresnostimet\/\">S\u00c4HK\u00d6ISET NOSTIMET<\/a><\/h4>\n<\/div><\/div>\n<\/div>\n\n\n\n<div class=\"wp-block-column is-layout-flow wp-block-column-is-layout-flow\" style=\"flex-basis:33.34%\">\n<div class=\"wp-block-cover\" style=\"padding-top:10px;padding-right:10px;padding-bottom:10px;padding-left:10px;min-height:450px\"><span aria-hidden=\"true\" class=\"wp-block-cover__background has-primary-background-color has-background-dim-0 has-background-dim\"><\/span><img loading=\"lazy\" decoding=\"async\" width=\"300\" height=\"400\" class=\"wp-block-cover__image-background wp-image-727\" alt=\"\" src=\"https:\/\/agripo.se\/wp-content\/uploads\/2022\/05\/manuella-rotfruktsautomater-1.jpg\" style=\"object-position:50% 45%\" data-object-fit=\"cover\" data-object-position=\"50% 45%\" srcset=\"https:\/\/agripo.se\/wp-content\/uploads\/2022\/05\/manuella-rotfruktsautomater-1.jpg 300w, https:\/\/agripo.se\/wp-content\/uploads\/2022\/05\/manuella-rotfruktsautomater-1-225x300.jpg 225w\" sizes=\"(max-width: 300px) 100vw, 300px\" \/><div class=\"wp-block-cover__inner-container is-layout-flow wp-block-cover-is-layout-flow\">\n<h4 class=\"wp-block-heading has-text-align-center has-white-color has-text-color has-background\" style=\"background-color:#f0ab00bf\"><a href=\"https:\/\/agripo.se\/fi\/produkt-kategori\/manuaaliset-juuresautomaatit\/\">MANUAALISET NOSTIMET<\/a><\/h4>\n<\/div><\/div>\n<\/div>\n\n\n\n<div class=\"wp-block-column is-layout-flow wp-block-column-is-layout-flow\" style=\"flex-basis:33.33%\">\n<div class=\"wp-block-cover is-light\" style=\"padding-top:10px;padding-right:10px;padding-bottom:10px;padding-left:10px;min-height:450px\"><span aria-hidden=\"true\" class=\"wp-block-cover__background has-primary-background-color has-background-dim-0 has-background-dim\"><\/span><img loading=\"lazy\" decoding=\"async\" width=\"300\" height=\"400\" class=\"wp-block-cover__image-background wp-image-729\" alt=\"\" src=\"https:\/\/agripo.se\/wp-content\/uploads\/2022\/05\/tillbehor.jpg\" style=\"object-position:56% 45%\" data-object-fit=\"cover\" data-object-position=\"56% 45%\" srcset=\"https:\/\/agripo.se\/wp-content\/uploads\/2022\/05\/tillbehor.jpg 300w, https:\/\/agripo.se\/wp-content\/uploads\/2022\/05\/tillbehor-225x300.jpg 225w\" sizes=\"(max-width: 300px) 100vw, 300px\" \/><div class=\"wp-block-cover__inner-container is-layout-flow wp-block-cover-is-layout-flow\">\n<h4 class=\"wp-block-heading has-text-align-center has-white-color has-text-color has-background\" style=\"background-color:#f0ab00bf\"><a href=\"https:\/\/agripo.se\/fi\/produkt-kategori\/lisavarusteet\/\">AGRIPON LIS\u00c4VARUSTEET<\/a><\/h4>\n<\/div><\/div>\n<\/div>\n<\/div>\n<\/div><\/div>\n","protected":false},"excerpt":{"rendered":"<p>MYY ENEMM\u00c4N JUUREKSIA, V\u00c4HENN\u00c4 H\u00c4VIKKI\u00c4 JA PARANNA HENKIL\u00d6KUNNAN TY\u00d6YMP\u00c4RIST\u00d6\u00c4. Juuresten helppo k\u00e4sittely, fiksusti. Katso itse! AGRIPO\u00ae \u2013 J\u00c4RJESTELM\u00c4 PERUNAN JA JUURESTEN MYYNTIIN MIT\u00c4 J\u00c4RJESTELM\u00c4 TARJOAA MYYM\u00c4L\u00c4LLESI? TUOTTEET<\/p>\n","protected":false},"author":1,"featured_media":0,"parent":0,"menu_order":0,"comment_status":"closed","ping_status":"closed","template":"","meta":{"inline_featured_image":false,"ub_ctt_via":"","footnotes":""},"acf":[],"featured_image_src":null,"yoast_head":"<!-- This site is optimized with the Yoast SEO plugin v21.5 - https:\/\/yoast.com\/wordpress\/plugins\/seo\/ -->\n<title>Agripo - The perfect way to sell potatoes<\/title>\n<meta name=\"description\" content=\"Skapar l\u00f6nsam f\u00f6rs\u00e4ljning av rotfrukter tack vare minskat avfall, f\u00f6renklad logistik och en effektiv process.\" \/>\n<meta name=\"robots\" content=\"index, follow, max-snippet:-1, max-image-preview:large, max-video-preview:-1\" \/>\n<link rel=\"canonical\" href=\"https:\/\/agripo.se\/fi\/\" \/>\n<meta property=\"og:locale\" content=\"fi_FI\" \/>\n<meta property=\"og:type\" content=\"article\" \/>\n<meta property=\"og:title\" content=\"Agripo - The perfect way to sell potatoes\" \/>\n<meta property=\"og:description\" content=\"Skapar l\u00f6nsam f\u00f6rs\u00e4ljning av rotfrukter tack vare minskat avfall, f\u00f6renklad logistik och en effektiv process.\" \/>\n<meta property=\"og:url\" content=\"https:\/\/agripo.se\/fi\/\" \/>\n<meta property=\"og:site_name\" content=\"Agripo\" \/>\n<meta property=\"article:modified_time\" content=\"2023-11-23T12:05:47+00:00\" \/>\n<meta property=\"og:image\" content=\"https:\/\/agripo.se\/wp-content\/uploads\/2023\/11\/agripo-large.png\" \/>\n<meta name=\"twitter:card\" content=\"summary_large_image\" \/>\n<meta name=\"twitter:label1\" content=\"Arvioitu lukuaika\" \/>\n\t<meta name=\"twitter:data1\" content=\"2 minuuttia\" \/>\n<script type=\"application\/ld+json\" class=\"yoast-schema-graph\">{\"@context\":\"https:\/\/schema.org\",\"@graph\":[{\"@type\":\"WebPage\",\"@id\":\"https:\/\/agripo.se\/fi\/\",\"url\":\"https:\/\/agripo.se\/fi\/\",\"name\":\"Agripo - The perfect way to sell potatoes\",\"isPartOf\":{\"@id\":\"https:\/\/agripo.se\/fi\/#website\"},\"datePublished\":\"2022-06-21T14:39:12+00:00\",\"dateModified\":\"2023-11-23T12:05:47+00:00\",\"description\":\"Skapar l\u00f6nsam f\u00f6rs\u00e4ljning av rotfrukter tack vare minskat avfall, f\u00f6renklad logistik och en effektiv process.\",\"breadcrumb\":{\"@id\":\"https:\/\/agripo.se\/fi\/#breadcrumb\"},\"inLanguage\":\"fi\",\"potentialAction\":[{\"@type\":\"ReadAction\",\"target\":[\"https:\/\/agripo.se\/fi\/\"]}]},{\"@type\":\"BreadcrumbList\",\"@id\":\"https:\/\/agripo.se\/fi\/#breadcrumb\",\"itemListElement\":[{\"@type\":\"ListItem\",\"position\":1,\"name\":\"Home\",\"item\":\"https:\/\/agripo.se\/fi\/\"},{\"@type\":\"ListItem\",\"position\":2,\"name\":\"Etusivu\"}]},{\"@type\":\"WebSite\",\"@id\":\"https:\/\/agripo.se\/fi\/#website\",\"url\":\"https:\/\/agripo.se\/fi\/\",\"name\":\"Agripo\",\"description\":\"The perfect way to sell potatoes\",\"potentialAction\":[{\"@type\":\"SearchAction\",\"target\":{\"@type\":\"EntryPoint\",\"urlTemplate\":\"https:\/\/agripo.se\/fi\/?s={search_term_string}\"},\"query-input\":\"required name=search_term_string\"}],\"inLanguage\":\"fi\"}]}<\/script>\n<!-- \/ Yoast SEO plugin. -->","yoast_head_json":{"title":"Agripo - The perfect way to sell potatoes","description":"Skapar l\u00f6nsam f\u00f6rs\u00e4ljning av rotfrukter tack vare minskat avfall, f\u00f6renklad logistik och en effektiv process.","robots":{"index":"index","follow":"follow","max-snippet":"max-snippet:-1","max-image-preview":"max-image-preview:large","max-video-preview":"max-video-preview:-1"},"canonical":"https:\/\/agripo.se\/fi\/","og_locale":"fi_FI","og_type":"article","og_title":"Agripo - The perfect way to sell potatoes","og_description":"Skapar l\u00f6nsam f\u00f6rs\u00e4ljning av rotfrukter tack vare minskat avfall, f\u00f6renklad logistik och en effektiv process.","og_url":"https:\/\/agripo.se\/fi\/","og_site_name":"Agripo","article_modified_time":"2023-11-23T12:05:47+00:00","og_image":[{"url":"https:\/\/agripo.se\/wp-content\/uploads\/2023\/11\/agripo-large.png"}],"twitter_card":"summary_large_image","twitter_misc":{"Arvioitu lukuaika":"2 minuuttia"},"schema":{"@context":"https:\/\/schema.org","@graph":[{"@type":"WebPage","@id":"https:\/\/agripo.se\/fi\/","url":"https:\/\/agripo.se\/fi\/","name":"Agripo - The perfect way to sell potatoes","isPartOf":{"@id":"https:\/\/agripo.se\/fi\/#website"},"datePublished":"2022-06-21T14:39:12+00:00","dateModified":"2023-11-23T12:05:47+00:00","description":"Skapar l\u00f6nsam f\u00f6rs\u00e4ljning av rotfrukter tack vare minskat avfall, f\u00f6renklad logistik och en effektiv process.","breadcrumb":{"@id":"https:\/\/agripo.se\/fi\/#breadcrumb"},"inLanguage":"fi","potentialAction":[{"@type":"ReadAction","target":["https:\/\/agripo.se\/fi\/"]}]},{"@type":"BreadcrumbList","@id":"https:\/\/agripo.se\/fi\/#breadcrumb","itemListElement":[{"@type":"ListItem","position":1,"name":"Home","item":"https:\/\/agripo.se\/fi\/"},{"@type":"ListItem","position":2,"name":"Etusivu"}]},{"@type":"WebSite","@id":"https:\/\/agripo.se\/fi\/#website","url":"https:\/\/agripo.se\/fi\/","name":"Agripo","description":"The perfect way to sell potatoes","potentialAction":[{"@type":"SearchAction","target":{"@type":"EntryPoint","urlTemplate":"https:\/\/agripo.se\/fi\/?s={search_term_string}"},"query-input":"required name=search_term_string"}],"inLanguage":"fi"}]}},"_links":{"self":[{"href":"https:\/\/agripo.se\/fi\/wp-json\/wp\/v2\/pages\/1388"}],"collection":[{"href":"https:\/\/agripo.se\/fi\/wp-json\/wp\/v2\/pages"}],"about":[{"href":"https:\/\/agripo.se\/fi\/wp-json\/wp\/v2\/types\/page"}],"author":[{"embeddable":true,"href":"https:\/\/agripo.se\/fi\/wp-json\/wp\/v2\/users\/1"}],"replies":[{"embeddable":true,"href":"https:\/\/agripo.se\/fi\/wp-json\/wp\/v2\/comments?post=1388"}],"version-history":[{"count":16,"href":"https:\/\/agripo.se\/fi\/wp-json\/wp\/v2\/pages\/1388\/revisions"}],"predecessor-version":[{"id":1554,"href":"https:\/\/agripo.se\/fi\/wp-json\/wp\/v2\/pages\/1388\/revisions\/1554"}],"wp:attachment":[{"href":"https:\/\/agripo.se\/fi\/wp-json\/wp\/v2\/media?parent=1388"}],"curies":[{"name":"wp","href":"https:\/\/api.w.org\/{rel}","templated":true}]}}