{"id":1398,"date":"2022-06-21T15:46:56","date_gmt":"2022-06-21T14:46:56","guid":{"rendered":"https:\/\/agripo.se\/agripo\/"},"modified":"2023-11-23T13:06:41","modified_gmt":"2023-11-23T12:06:41","slug":"agripo","status":"publish","type":"page","link":"https:\/\/agripo.se\/fi\/agripo\/","title":{"rendered":"Agripo"},"content":{"rendered":"\n<h1 class=\"wp-block-heading has-text-align-center\" id=\"om-agripo\">Agripo<sup>\u00ae<\/sup><\/h1>\n\n\n\n<p class=\"has-text-align-center has-medium-font-size\">Intrxin Agripo<sup>\u00ae<\/sup>-j\u00e4rjestelm\u00e4 on suunniteltu luomaan kannattavaa juuresten myynti\u00e4 v\u00e4hentyneen j\u00e4tteen, yksinkertaistetun logistiikan ja tehokkaan prosessin ansiosta. Agripo<sup>\u00ae<\/sup> parantaa ty\u00f6ymp\u00e4rist\u00f6\u00e4 my\u00f6s raskaan noston poistamisen ansiosta. J\u00e4rjestelm\u00e4\u00e4 on kehitetty ja testattu yli 30 vuoden ajan vastaamaan nykyaikaisen myym\u00e4l\u00e4n vaatimuksia ja tarpeita.<\/p>\n\n\n\n<div class=\"wp-block-columns alignwide is-layout-flex wp-container-core-columns-layout-1 wp-block-columns-is-layout-flex\">\n<div class=\"wp-block-column is-vertically-aligned-top is-layout-flow wp-block-column-is-layout-flow\" style=\"flex-basis:50%\"><div class=\"wp-block-image\">\n<figure class=\"alignright size-large is-resized\"><img decoding=\"async\"  src=\"https:\/\/agripo.se\/wp-content\/uploads\/2022\/04\/oktagbin.svg\" alt=\"\" class=\"wp-image-565\" style=\"width:420px;height:420px\"\/><\/figure><\/div><\/div>\n\n\n\n<div class=\"wp-block-column is-vertically-aligned-center is-layout-flow wp-block-column-is-layout-flow\" style=\"flex-basis:50%\">\n<p id=\"mauris-condimentum\">Agripo<sup>\u00ae<\/sup>-nostoj\u00e4rjestelm\u00e4\u00e4 k\u00e4ytet\u00e4\u00e4n p\u00e4\u00e4asiassa yhdess\u00e4 oktabiinin (kahdeksankulmaisen pahvis\u00e4ili\u00f6n) kanssa, johon voidaan t\u00e4ytt\u00e4\u00e4 200 kg juureksia. S\u00e4ili\u00f6 on valmistettu 100% kierr\u00e4tett\u00e4v\u00e4st\u00e4 aaltopahvista.<\/p>\n\n\n\n<p>Koska j\u00e4rjestelm\u00e4 antaa asiakkaalle hyv\u00e4n yleiskuvan ja mahdollisuuden poimia juureksensa oikealta ergonomiselta korkeudelta, se johtaa myynnin kasvuun.<\/p>\n<\/div>\n<\/div>\n\n\n\n<div class=\"wp-block-columns alignwide is-layout-flex wp-container-core-columns-layout-2 wp-block-columns-is-layout-flex\">\n<div class=\"wp-block-column is-vertically-aligned-center is-layout-flow wp-block-column-is-layout-flow\" style=\"flex-basis:50%\">\n<p>Agripo<sup>\u00ae<\/sup>-nostinj\u00e4rjestelm\u00e4n oktabiini t\u00e4ytet\u00e4\u00e4n juureksilla. Nelj\u00e4 oktabiinia, yhteens\u00e4 800 kiloa juureksia, sopivat yhdelle kuormalavalle (120 x 80 cm). Nostinta voidaan k\u00e4ytt\u00e4\u00e4 my\u00f6s yhdess\u00e4 vanerikonttien kanssa, joihon mahtuu 200 tai 100 kiloa juureksia.<\/p>\n\n\n\n<p>Agripo<sup>\u00ae<\/sup>-nostinj\u00e4rjestelmien avulla myym\u00e4l\u00e4n ty\u00f6ntekij\u00f6iden on helppo saada suuria m\u00e4\u00e4ri\u00e4 juureksia lastauslaiturilta myym\u00e4l\u00e4\u00e4n. Kaikki on sujuvaa ja nopeaa, ja henkil\u00f6kunta pystyy k\u00e4sittelem\u00e4\u00e4n satoja kiloja nostamatta mit\u00e4\u00e4n. J\u00e4rjestelm\u00e4 v\u00e4hent\u00e4\u00e4 my\u00f6s j\u00e4tett\u00e4 pit\u00e4m\u00e4ll\u00e4 perunat aina suojattuna valolta, jotta ne eiv\u00e4t muutu vihreiksi.<\/p>\n<\/div>\n\n\n\n<div class=\"wp-block-column is-vertically-aligned-top is-layout-flow wp-block-column-is-layout-flow\" style=\"flex-basis:50%\">\n<figure class=\"wp-block-image size-large\"><img loading=\"lazy\" decoding=\"async\" width=\"1024\" height=\"683\" src=\"https:\/\/agripo.se\/wp-content\/uploads\/2022\/04\/onion-g3587bd4cf-1920-1024x683.jpg\" alt=\"\" class=\"wp-image-531\" srcset=\"https:\/\/agripo.se\/wp-content\/uploads\/2022\/04\/onion-g3587bd4cf-1920-1024x683.jpg 1024w, https:\/\/agripo.se\/wp-content\/uploads\/2022\/04\/onion-g3587bd4cf-1920-600x400.jpg 600w, https:\/\/agripo.se\/wp-content\/uploads\/2022\/04\/onion-g3587bd4cf-1920-300x200.jpg 300w, https:\/\/agripo.se\/wp-content\/uploads\/2022\/04\/onion-g3587bd4cf-1920-768x512.jpg 768w, https:\/\/agripo.se\/wp-content\/uploads\/2022\/04\/onion-g3587bd4cf-1920-1536x1024.jpg 1536w, https:\/\/agripo.se\/wp-content\/uploads\/2022\/04\/onion-g3587bd4cf-1920-400x267.jpg 400w, https:\/\/agripo.se\/wp-content\/uploads\/2022\/04\/onion-g3587bd4cf-1920-1200x800.jpg 1200w, https:\/\/agripo.se\/wp-content\/uploads\/2022\/04\/onion-g3587bd4cf-1920.jpg 1920w\" sizes=\"(max-width: 1024px) 100vw, 1024px\" \/><\/figure>\n<\/div>\n<\/div>\n\n\n\n<figure class=\"wp-block-embed is-type-video is-provider-youtube wp-block-embed-youtube\"><div class=\"wp-block-embed__wrapper\">\n<div class=\"container-lazyload preview-lazyload container-youtube js-lazyload--not-loaded\"><a href=\"https:\/\/youtu.be\/nkcNzXqDU_w\" class=\"lazy-load-youtube preview-lazyload preview-youtube\" data-video-title=\"Agripo - The story behind the product\" title=\"Play video &quot;Agripo - The story behind the product&quot;\">https:\/\/youtu.be\/nkcNzXqDU_w<\/a><noscript>Video can&#8217;t be loaded because JavaScript is disabled: <a href=\"https:\/\/youtu.be\/nkcNzXqDU_w\" title=\"Agripo - The story behind the product\">Agripo &#8211; The story behind the product (https:\/\/youtu.be\/nkcNzXqDU_w)<\/a><\/noscript><\/div>\n<\/div><\/figure>\n\n\n\n<h3 class=\"wp-block-heading\">ONNETTOMUUS, JOSTA TULI VALLANKUMOUS<\/h3>\n\n\n\n<p>Vuosi oli 1982. Maanviljelij\u00e4 Peter Aschanilla oli kiireisi\u00e4 p\u00e4ivi\u00e4, jolloin perunat oli korjattava ja valmisteltava toimitettavaksi myym\u00e4l\u00e4\u00e4n.<\/p>\n\n\n\n<p>Er\u00e4\u00e4n\u00e4 p\u00e4iv\u00e4n\u00e4 h\u00e4n ajoi varastoonsa laatikollinen perunoita lastattuna traktoriin. Kun Peter alkoi peruuttaa, h\u00e4nell\u00e4 oli jo kova kiire. H\u00e4n ei kiireess\u00e4\u00e4n onnistunut kallistamaan traktorin haarukkaa tarpeeksi, ja laatikon alapuolella olevat laudat rikkoutuivat kappaleiksi. Peter katsoi, kun kaikki perunat valuivat varaston lattialle. Ik\u00e4v\u00e4 vahinko jo muutenkin stressaavan p\u00e4iv\u00e4n aikana.<\/p>\n\n\n\n<p>Peter kuitenkin huomasi, ett\u00e4 perunat valuivat ulos ja ker\u00e4\u00e4ntyiv\u00e4t hienoon kasaan lattialle. H\u00e4n sai idean \u2013 ent\u00e4 jos voisit nostaa perunalaatikon ja asettaa sen eteen p\u00f6yd\u00e4n, johon perunat voivat valua, niin kuin er\u00e4\u00e4nlainen peruna-annostelija?<\/p>\n\n\n\n<p>Peter alkoi luonnostella ideaansa. Jo 14 p\u00e4iv\u00e4n kuluttua ensimm\u00e4inen prototyyppi oli valmis. H\u00e4n rakensi luukun perunalaatikon alapuolelle sek\u00e4 s\u00e4hk\u00f6hissin, joka pystyi nostamaan laatikon juuri oikeaan korkeuteen.<\/p>\n\n\n\n<p>Sitten h\u00e4n meni l\u00e4himp\u00e4\u00e4n ruokakauppaan esittelem\u00e4\u00e4n keksint\u00f6\u00e4\u00e4n kauppiaalle, joka Peterin itsens\u00e4 mukaan h\u00e4mm\u00e4styi v\u00e4litt\u00f6m\u00e4sti ja n\u00e4ki, ett\u00e4 t\u00e4ss\u00e4 oli jotain todella hyv\u00e4\u00e4 aluillaan. Kauppiaiden keskuudessa levisi nopeasti sana uudesta innovaatiosta. Kauppiaat ymp\u00e4ri maata matkustivat Haboon n\u00e4hd\u00e4kseen omin silmin Agripo-j\u00e4rjestelm\u00e4n.<\/p>\n\n\n\n<h4 class=\"wp-block-heading\">MEDIASSA PETERIN KEKSINT\u00d6\u00c4 KUTSUTTIIN PERUNAVALLANKUMOUKSEKSI.<\/h4>\n\n\n\n<p>Sen lis\u00e4ksi, ett\u00e4 perunoita oli helpompi k\u00e4sitell\u00e4 Agripo<sup>\u00ae<\/sup>-j\u00e4rjestelm\u00e4ll\u00e4, j\u00e4tett\u00e4 tuli my\u00f6s v\u00e4hemm\u00e4n, koska suurin osa perunoista varastoidaan pime\u00e4\u00e4n laatikkoon eiv\u00e4tk\u00e4 ne siten muutu vihreiksi. Agripo<sup>\u00ae<\/sup>-j\u00e4rjestelm\u00e4st\u00e4 tuli kannattava my\u00f6s asiakkaille, koska perunoiden ostaminen irtotavarana tuli halvemmaksi kuin valmiiksi pakattujen perunoiden ostaminen.<\/p>\n\n\n\n<p>Nyky\u00e4\u00e4n Agripo<sup>\u00ae<\/sup>-j\u00e4rjestelm\u00e4 on paljolti samanlainen kuin ensimm\u00e4inen Peterin vuonna 1982 kehitt\u00e4m\u00e4 prototyyppi. 99 prosenttia kaikista Ruotsin ruokakaupoista k\u00e4ytt\u00e4\u00e4 nyt Agripoa juuresten myyntiin. <\/p>\n\n\n\n<p>T\u00e4t\u00e4 ei olisi tapahtunut, ellei Peter Aschanilla olisi ollut kiire sin\u00e4 p\u00e4iv\u00e4n\u00e4 40 vuotta sitten.<\/p>\n","protected":false},"excerpt":{"rendered":"<p>Agripo\u00ae Intrxin Agripo\u00ae-j\u00e4rjestelm\u00e4 on suunniteltu luomaan kannattavaa juuresten myynti\u00e4 v\u00e4hentyneen j\u00e4tteen, yksinkertaistetun logistiikan ja tehokkaan prosessin ansiosta. Agripo\u00ae parantaa ty\u00f6ymp\u00e4rist\u00f6\u00e4 my\u00f6s raskaan noston poistamisen ansiosta. J\u00e4rjestelm\u00e4\u00e4 on kehitetty ja testattu yli 30 vuoden ajan vastaamaan nykyaikaisen myym\u00e4l\u00e4n vaatimuksia ja tarpeita. Agripo\u00ae-nostoj\u00e4rjestelm\u00e4\u00e4 k\u00e4ytet\u00e4\u00e4n p\u00e4\u00e4asiassa yhdess\u00e4 oktabiinin (kahdeksankulmaisen pahvis\u00e4ili\u00f6n) kanssa, johon voidaan t\u00e4ytt\u00e4\u00e4 200 kg juureksia. S\u00e4ili\u00f6 [&hellip;]<\/p>\n","protected":false},"author":1,"featured_media":0,"parent":0,"menu_order":0,"comment_status":"closed","ping_status":"closed","template":"","meta":{"inline_featured_image":false,"ub_ctt_via":"","footnotes":""},"acf":[],"featured_image_src":null,"yoast_head":"<!-- This site is optimized with the Yoast SEO plugin v21.5 - https:\/\/yoast.com\/wordpress\/plugins\/seo\/ -->\n<title>Agripo - Agripo<\/title>\n<meta name=\"robots\" content=\"index, follow, max-snippet:-1, max-image-preview:large, max-video-preview:-1\" \/>\n<link rel=\"canonical\" href=\"https:\/\/agripo.se\/fi\/agripo\/\" \/>\n<meta property=\"og:locale\" content=\"fi_FI\" \/>\n<meta property=\"og:type\" content=\"article\" \/>\n<meta property=\"og:title\" content=\"Agripo - Agripo\" \/>\n<meta property=\"og:description\" content=\"Agripo\u00ae Intrxin Agripo\u00ae-j\u00e4rjestelm\u00e4 on suunniteltu luomaan kannattavaa juuresten myynti\u00e4 v\u00e4hentyneen j\u00e4tteen, yksinkertaistetun logistiikan ja tehokkaan prosessin ansiosta. Agripo\u00ae parantaa ty\u00f6ymp\u00e4rist\u00f6\u00e4 my\u00f6s raskaan noston poistamisen ansiosta. J\u00e4rjestelm\u00e4\u00e4 on kehitetty ja testattu yli 30 vuoden ajan vastaamaan nykyaikaisen myym\u00e4l\u00e4n vaatimuksia ja tarpeita. Agripo\u00ae-nostoj\u00e4rjestelm\u00e4\u00e4 k\u00e4ytet\u00e4\u00e4n p\u00e4\u00e4asiassa yhdess\u00e4 oktabiinin (kahdeksankulmaisen pahvis\u00e4ili\u00f6n) kanssa, johon voidaan t\u00e4ytt\u00e4\u00e4 200 kg juureksia. S\u00e4ili\u00f6 [&hellip;]\" \/>\n<meta property=\"og:url\" content=\"https:\/\/agripo.se\/fi\/agripo\/\" \/>\n<meta property=\"og:site_name\" content=\"Agripo\" \/>\n<meta property=\"article:modified_time\" content=\"2023-11-23T12:06:41+00:00\" \/>\n<meta property=\"og:image\" content=\"https:\/\/agripo.se\/wp-content\/uploads\/2022\/04\/oktagbin.svg\" \/>\n<meta name=\"twitter:card\" content=\"summary_large_image\" \/>\n<meta name=\"twitter:label1\" content=\"Arvioitu lukuaika\" \/>\n\t<meta name=\"twitter:data1\" content=\"3 minuuttia\" \/>\n<script type=\"application\/ld+json\" class=\"yoast-schema-graph\">{\"@context\":\"https:\/\/schema.org\",\"@graph\":[{\"@type\":\"WebPage\",\"@id\":\"https:\/\/agripo.se\/fi\/agripo\/\",\"url\":\"https:\/\/agripo.se\/fi\/agripo\/\",\"name\":\"Agripo - Agripo\",\"isPartOf\":{\"@id\":\"https:\/\/agripo.se\/fi\/#website\"},\"datePublished\":\"2022-06-21T14:46:56+00:00\",\"dateModified\":\"2023-11-23T12:06:41+00:00\",\"breadcrumb\":{\"@id\":\"https:\/\/agripo.se\/fi\/agripo\/#breadcrumb\"},\"inLanguage\":\"fi\",\"potentialAction\":[{\"@type\":\"ReadAction\",\"target\":[\"https:\/\/agripo.se\/fi\/agripo\/\"]}]},{\"@type\":\"BreadcrumbList\",\"@id\":\"https:\/\/agripo.se\/fi\/agripo\/#breadcrumb\",\"itemListElement\":[{\"@type\":\"ListItem\",\"position\":1,\"name\":\"Home\",\"item\":\"https:\/\/agripo.se\/fi\/\"},{\"@type\":\"ListItem\",\"position\":2,\"name\":\"Agripo\"}]},{\"@type\":\"WebSite\",\"@id\":\"https:\/\/agripo.se\/fi\/#website\",\"url\":\"https:\/\/agripo.se\/fi\/\",\"name\":\"Agripo\",\"description\":\"The perfect way to sell potatoes\",\"potentialAction\":[{\"@type\":\"SearchAction\",\"target\":{\"@type\":\"EntryPoint\",\"urlTemplate\":\"https:\/\/agripo.se\/fi\/?s={search_term_string}\"},\"query-input\":\"required name=search_term_string\"}],\"inLanguage\":\"fi\"}]}<\/script>\n<!-- \/ Yoast SEO plugin. -->","yoast_head_json":{"title":"Agripo - Agripo","robots":{"index":"index","follow":"follow","max-snippet":"max-snippet:-1","max-image-preview":"max-image-preview:large","max-video-preview":"max-video-preview:-1"},"canonical":"https:\/\/agripo.se\/fi\/agripo\/","og_locale":"fi_FI","og_type":"article","og_title":"Agripo - Agripo","og_description":"Agripo\u00ae Intrxin Agripo\u00ae-j\u00e4rjestelm\u00e4 on suunniteltu luomaan kannattavaa juuresten myynti\u00e4 v\u00e4hentyneen j\u00e4tteen, yksinkertaistetun logistiikan ja tehokkaan prosessin ansiosta. Agripo\u00ae parantaa ty\u00f6ymp\u00e4rist\u00f6\u00e4 my\u00f6s raskaan noston poistamisen ansiosta. J\u00e4rjestelm\u00e4\u00e4 on kehitetty ja testattu yli 30 vuoden ajan vastaamaan nykyaikaisen myym\u00e4l\u00e4n vaatimuksia ja tarpeita. Agripo\u00ae-nostoj\u00e4rjestelm\u00e4\u00e4 k\u00e4ytet\u00e4\u00e4n p\u00e4\u00e4asiassa yhdess\u00e4 oktabiinin (kahdeksankulmaisen pahvis\u00e4ili\u00f6n) kanssa, johon voidaan t\u00e4ytt\u00e4\u00e4 200 kg juureksia. S\u00e4ili\u00f6 [&hellip;]","og_url":"https:\/\/agripo.se\/fi\/agripo\/","og_site_name":"Agripo","article_modified_time":"2023-11-23T12:06:41+00:00","og_image":[{"url":"https:\/\/agripo.se\/wp-content\/uploads\/2022\/04\/oktagbin.svg"}],"twitter_card":"summary_large_image","twitter_misc":{"Arvioitu lukuaika":"3 minuuttia"},"schema":{"@context":"https:\/\/schema.org","@graph":[{"@type":"WebPage","@id":"https:\/\/agripo.se\/fi\/agripo\/","url":"https:\/\/agripo.se\/fi\/agripo\/","name":"Agripo - Agripo","isPartOf":{"@id":"https:\/\/agripo.se\/fi\/#website"},"datePublished":"2022-06-21T14:46:56+00:00","dateModified":"2023-11-23T12:06:41+00:00","breadcrumb":{"@id":"https:\/\/agripo.se\/fi\/agripo\/#breadcrumb"},"inLanguage":"fi","potentialAction":[{"@type":"ReadAction","target":["https:\/\/agripo.se\/fi\/agripo\/"]}]},{"@type":"BreadcrumbList","@id":"https:\/\/agripo.se\/fi\/agripo\/#breadcrumb","itemListElement":[{"@type":"ListItem","position":1,"name":"Home","item":"https:\/\/agripo.se\/fi\/"},{"@type":"ListItem","position":2,"name":"Agripo"}]},{"@type":"WebSite","@id":"https:\/\/agripo.se\/fi\/#website","url":"https:\/\/agripo.se\/fi\/","name":"Agripo","description":"The perfect way to sell potatoes","potentialAction":[{"@type":"SearchAction","target":{"@type":"EntryPoint","urlTemplate":"https:\/\/agripo.se\/fi\/?s={search_term_string}"},"query-input":"required name=search_term_string"}],"inLanguage":"fi"}]}},"_links":{"self":[{"href":"https:\/\/agripo.se\/fi\/wp-json\/wp\/v2\/pages\/1398"}],"collection":[{"href":"https:\/\/agripo.se\/fi\/wp-json\/wp\/v2\/pages"}],"about":[{"href":"https:\/\/agripo.se\/fi\/wp-json\/wp\/v2\/types\/page"}],"author":[{"embeddable":true,"href":"https:\/\/agripo.se\/fi\/wp-json\/wp\/v2\/users\/1"}],"replies":[{"embeddable":true,"href":"https:\/\/agripo.se\/fi\/wp-json\/wp\/v2\/comments?post=1398"}],"version-history":[{"count":4,"href":"https:\/\/agripo.se\/fi\/wp-json\/wp\/v2\/pages\/1398\/revisions"}],"predecessor-version":[{"id":1555,"href":"https:\/\/agripo.se\/fi\/wp-json\/wp\/v2\/pages\/1398\/revisions\/1555"}],"wp:attachment":[{"href":"https:\/\/agripo.se\/fi\/wp-json\/wp\/v2\/media?parent=1398"}],"curies":[{"name":"wp","href":"https:\/\/api.w.org\/{rel}","templated":true}]}}