{"id":1401,"date":"2022-06-21T15:50:45","date_gmt":"2022-06-21T14:50:45","guid":{"rendered":"https:\/\/agripo.se\/kuinka-se-toimii\/"},"modified":"2023-11-23T13:07:42","modified_gmt":"2023-11-23T12:07:42","slug":"kuinka-se-toimii","status":"publish","type":"page","link":"https:\/\/agripo.se\/fi\/kuinka-se-toimii\/","title":{"rendered":"Kuinka se toimii?"},"content":{"rendered":"\n<div class=\"wp-block-group alignfull has-lightgrey-background-color has-background is-layout-flow wp-block-group-is-layout-flow\"><div class=\"wp-block-group__inner-container\">\n<h1 class=\"wp-block-heading has-text-align-center\" id=\"systemforklaring-ligger-har\">MIK\u00c4 AGRIPOSSA<sup>\u00ae<\/sup> ON NIIN ERITYIST\u00c4?<\/h1>\n\n\n\n<div class=\"wp-block-columns alignwide is-layout-flex wp-container-core-columns-layout-1 wp-block-columns-is-layout-flex\">\n<div class=\"wp-block-column is-layout-flow wp-block-column-is-layout-flow\" style=\"flex-basis:50%\">\n<p class=\"has-medium-font-size\">J\u00e4rjestelm\u00e4 on kehitetty parantamaan juuresten myynnin tuottavuutta v\u00e4hent\u00e4m\u00e4ll\u00e4 h\u00e4vikki\u00e4, yksinkertaistamalla logistiikkaa ja tehostamalla prosessia. Juuresnostimemme parantavat ty\u00f6ymp\u00e4rist\u00f6\u00e4 eliminoimalla tarpeen painaville nostoille. Agripoa on jatkuvasti kehitetty ja testattu yli 30 vuoden ajan.<\/p>\n<\/div>\n\n\n\n<div class=\"wp-block-column is-layout-flow wp-block-column-is-layout-flow\" style=\"flex-basis:50%\">\n<p class=\"has-medium-font-size\">Sek\u00e4 s\u00e4hk\u00f6iset nostimet ett\u00e4 manuaalisesti t\u00e4ytett\u00e4v\u00e4t Agripot<sup>\u00ae<\/sup> voidaan kehyst\u00e4\u00e4 puisilla kalusteilla, jotka sopivat yhteen myym\u00e4l\u00e4n muun sisustuksen kanssa. N\u00e4in voitte korostaa kokonaisilmett\u00e4 ja kuvaa myym\u00e4l\u00e4st\u00e4nne. Fiksua, eik\u00f6 vain!<\/p>\n<\/div>\n<\/div>\n\n\n\n<div class=\"wp-block-buttons is-content-justification-center is-layout-flex wp-container-core-buttons-layout-1 wp-block-buttons-is-layout-flex\">\n<div class=\"wp-block-button\"><a class=\"wp-block-button__link wp-element-button\" href=\"https:\/\/agripo.se\/fi\/tuotteet\/\">TUOTTEET<\/a><\/div>\n\n\n\n<div class=\"wp-block-button is-style-outline\"><a class=\"wp-block-button__link wp-element-button\" href=\"https:\/\/agripo.se\/fi\/yhteystiedot\/\">YHTEYSTIEDOT<\/a><\/div>\n<\/div>\n<\/div><\/div>\n\n\n\n<div class=\"wp-block-group alignfull has-secondary-background-color has-background is-layout-flow wp-block-group-is-layout-flow\"><div class=\"wp-block-group__inner-container\">\n<h1 class=\"wp-block-heading has-text-align-center light\" id=\"salj-mer-rotfrukt-minska-svinn-och-spara-pa-dina-medarbetare\">MIT\u00c4 HY\u00d6TY\u00c4 ON JUURESNOSTIMISTA JA MITEN NE K\u00c4YT\u00c4NN\u00d6SS\u00c4 TOIMIVAT?<\/h1>\n\n\n\n<p class=\"has-text-align-center\">Katso t\u00e4m\u00e4 lyhyt video niin saat vastauksen.<\/p>\n\n\n\n<figure class=\"wp-block-embed is-type-video is-provider-youtube wp-block-embed-youtube\"><div class=\"wp-block-embed__wrapper\">\n<div class=\"container-lazyload preview-lazyload container-youtube js-lazyload--not-loaded\"><a href=\"https:\/\/youtu.be\/E-OxtymmXCk\" class=\"lazy-load-youtube preview-lazyload preview-youtube\" data-video-title=\"Agripo - Quick and easy\" title=\"Play video &quot;Agripo - Quick and easy&quot;\">https:\/\/youtu.be\/E-OxtymmXCk<\/a><noscript>Video can&#8217;t be loaded because JavaScript is disabled: <a href=\"https:\/\/youtu.be\/E-OxtymmXCk\" title=\"Agripo - Quick and easy\">Agripo &#8211; Quick and easy (https:\/\/youtu.be\/E-OxtymmXCk)<\/a><\/noscript><\/div>\n<\/div><\/figure>\n<\/div><\/div>\n\n\n\n<div class=\"wp-block-group alignfull has-lightgrey-color has-tertiary-background-color has-text-color has-background is-layout-flow wp-block-group-is-layout-flow\"><div class=\"wp-block-group__inner-container\">\n<h2 class=\"wp-block-heading has-text-align-center\" id=\"systemforklaring-ligger-har\">AGRIPON<sup>\u00ae<\/sup> KOLME ETUA<\/h2>\n\n\n\n<div style=\"height:30px\" aria-hidden=\"true\" class=\"wp-block-spacer\"><\/div>\n\n\n\n<div class=\"wp-block-columns alignwide is-layout-flex wp-container-core-columns-layout-2 wp-block-columns-is-layout-flex\">\n<div class=\"wp-block-column is-layout-flow wp-block-column-is-layout-flow\" style=\"flex-basis:33.34%\"><div class=\"wp-block-image\">\n<figure class=\"aligncenter size-large is-resized\"><img decoding=\"async\"  src=\"https:\/\/agripo.se\/wp-content\/uploads\/2022\/04\/efficiency.svg\" alt=\"\" class=\"wp-image-559\" style=\"width:91px;height:75px\"\/><\/figure><\/div>\n\n\n<h4 class=\"wp-block-heading has-text-align-center\">TEHOKKUUS<\/h4>\n\n\n\n<p class=\"has-text-align-center\">Yhdelle pakkauslavalle mahtuu nelj\u00e4 pahvista s\u00e4ili\u00f6t\u00e4, mik\u00e4 tarkoittaa 800 kg juureksia. Juurekset valuvat ulos s\u00e4ili\u00f6st\u00e4, joten niit\u00e4 ei tarvitse erikseen asetella esille kuten ennen.<\/p>\n<\/div>\n\n\n\n<div class=\"wp-block-column is-vertically-aligned-top is-layout-flow wp-block-column-is-layout-flow\" style=\"flex-basis:33.34%\"><div class=\"wp-block-image\">\n<figure class=\"aligncenter size-large is-resized\"><img decoding=\"async\"  src=\"https:\/\/agripo.se\/wp-content\/uploads\/2022\/04\/nature.svg\" alt=\"\" class=\"wp-image-561\" style=\"width:95px;height:75px\"\/><\/figure><\/div>\n\n\n<h4 class=\"wp-block-heading has-text-align-center\">EKOLOGINEN KEST\u00c4VYYS<\/h4>\n\n\n\n<p class=\"has-text-align-center\">J\u00e4te, roskat ja muovin k\u00e4ytt\u00f6 v\u00e4henev\u00e4t. Agripo<sup>\u00ae<\/sup>-tuotteiden elinik\u00e4 on pitk\u00e4, joten tuotteen ymp\u00e4rist\u00f6vaikutukset j\u00e4\u00e4v\u00e4t pieniksi.<\/p>\n<\/div>\n\n\n\n<div class=\"wp-block-column is-vertically-aligned-top is-layout-flow wp-block-column-is-layout-flow\" style=\"flex-basis:33.33%\"><div class=\"wp-block-image\">\n<figure class=\"aligncenter size-large is-resized\"><img decoding=\"async\"  src=\"https:\/\/agripo.se\/wp-content\/uploads\/2022\/04\/money.svg\" alt=\"\" class=\"wp-image-563\" style=\"width:115px;height:75px\"\/><\/figure><\/div>\n\n\n<h4 class=\"wp-block-heading has-text-align-center\">MYYNNIN LIS\u00c4\u00c4NTYMINEN<\/h4>\n\n\n\n<p class=\"has-text-align-center\">N\u00e4ytt\u00e4v\u00e4mpi esillepano lis\u00e4\u00e4 juuresten myynti\u00e4 ja parantaa hevi-milj\u00f6\u00f6t\u00e4. T\u00e4st\u00e4 meilt\u00e4 l\u00f6ytyy vahvaa n\u00e4ytt\u00f6\u00e4.<\/p>\n<\/div>\n<\/div>\n\n\n\n<div class=\"wp-block-buttons is-content-justification-center is-layout-flex wp-container-core-buttons-layout-2 wp-block-buttons-is-layout-flex\">\n<div class=\"wp-block-button is-style-fill\"><a class=\"wp-block-button__link has-secondary-background-color has-background wp-element-button\" href=\"https:\/\/agripo.se\/fi\/agripon-hyodyt\/\">LUE LIS\u00c4\u00c4 KAIKISTA EDUISTA<\/a><\/div>\n<\/div>\n<\/div><\/div>\n","protected":false},"excerpt":{"rendered":"<p>MIK\u00c4 AGRIPOSSA\u00ae ON NIIN ERITYIST\u00c4? J\u00e4rjestelm\u00e4 on kehitetty parantamaan juuresten myynnin tuottavuutta v\u00e4hent\u00e4m\u00e4ll\u00e4 h\u00e4vikki\u00e4, yksinkertaistamalla logistiikkaa ja tehostamalla prosessia. Juuresnostimemme parantavat ty\u00f6ymp\u00e4rist\u00f6\u00e4 eliminoimalla tarpeen painaville nostoille. Agripoa on jatkuvasti kehitetty ja testattu yli 30 vuoden ajan. Sek\u00e4 s\u00e4hk\u00f6iset nostimet ett\u00e4 manuaalisesti t\u00e4ytett\u00e4v\u00e4t Agripot\u00ae voidaan kehyst\u00e4\u00e4 puisilla kalusteilla, jotka sopivat yhteen myym\u00e4l\u00e4n muun sisustuksen kanssa. N\u00e4in [&hellip;]<\/p>\n","protected":false},"author":1,"featured_media":0,"parent":0,"menu_order":0,"comment_status":"closed","ping_status":"closed","template":"","meta":{"inline_featured_image":false,"ub_ctt_via":"","footnotes":""},"acf":[],"featured_image_src":null,"yoast_head":"<!-- This site is optimized with the Yoast SEO plugin v21.5 - https:\/\/yoast.com\/wordpress\/plugins\/seo\/ -->\n<title>Agripo - The perfect way to sell potatoes<\/title>\n<meta name=\"robots\" content=\"index, follow, max-snippet:-1, max-image-preview:large, max-video-preview:-1\" \/>\n<link rel=\"canonical\" href=\"https:\/\/agripo.se\/fi\/kuinka-se-toimii\/\" \/>\n<meta property=\"og:locale\" content=\"fi_FI\" \/>\n<meta property=\"og:type\" content=\"article\" \/>\n<meta property=\"og:title\" content=\"Agripo - The perfect way to sell potatoes\" \/>\n<meta property=\"og:description\" content=\"MIK\u00c4 AGRIPOSSA\u00ae ON NIIN ERITYIST\u00c4? J\u00e4rjestelm\u00e4 on kehitetty parantamaan juuresten myynnin tuottavuutta v\u00e4hent\u00e4m\u00e4ll\u00e4 h\u00e4vikki\u00e4, yksinkertaistamalla logistiikkaa ja tehostamalla prosessia. Juuresnostimemme parantavat ty\u00f6ymp\u00e4rist\u00f6\u00e4 eliminoimalla tarpeen painaville nostoille. Agripoa on jatkuvasti kehitetty ja testattu yli 30 vuoden ajan. Sek\u00e4 s\u00e4hk\u00f6iset nostimet ett\u00e4 manuaalisesti t\u00e4ytett\u00e4v\u00e4t Agripot\u00ae voidaan kehyst\u00e4\u00e4 puisilla kalusteilla, jotka sopivat yhteen myym\u00e4l\u00e4n muun sisustuksen kanssa. N\u00e4in [&hellip;]\" \/>\n<meta property=\"og:url\" content=\"https:\/\/agripo.se\/fi\/kuinka-se-toimii\/\" \/>\n<meta property=\"og:site_name\" content=\"Agripo\" \/>\n<meta property=\"article:modified_time\" content=\"2023-11-23T12:07:42+00:00\" \/>\n<meta property=\"og:image\" content=\"https:\/\/agripo.se\/wp-content\/uploads\/2022\/04\/efficiency.svg\" \/>\n<meta name=\"twitter:card\" content=\"summary_large_image\" \/>\n<meta name=\"twitter:label1\" content=\"Arvioitu lukuaika\" \/>\n\t<meta name=\"twitter:data1\" content=\"2 minuuttia\" \/>\n<script type=\"application\/ld+json\" class=\"yoast-schema-graph\">{\"@context\":\"https:\/\/schema.org\",\"@graph\":[{\"@type\":\"WebPage\",\"@id\":\"https:\/\/agripo.se\/fi\/kuinka-se-toimii\/\",\"url\":\"https:\/\/agripo.se\/fi\/kuinka-se-toimii\/\",\"name\":\"Agripo - The perfect way to sell potatoes\",\"isPartOf\":{\"@id\":\"https:\/\/agripo.se\/fi\/#website\"},\"datePublished\":\"2022-06-21T14:50:45+00:00\",\"dateModified\":\"2023-11-23T12:07:42+00:00\",\"breadcrumb\":{\"@id\":\"https:\/\/agripo.se\/fi\/kuinka-se-toimii\/#breadcrumb\"},\"inLanguage\":\"fi\",\"potentialAction\":[{\"@type\":\"ReadAction\",\"target\":[\"https:\/\/agripo.se\/fi\/kuinka-se-toimii\/\"]}]},{\"@type\":\"BreadcrumbList\",\"@id\":\"https:\/\/agripo.se\/fi\/kuinka-se-toimii\/#breadcrumb\",\"itemListElement\":[{\"@type\":\"ListItem\",\"position\":1,\"name\":\"Home\",\"item\":\"https:\/\/agripo.se\/fi\/\"},{\"@type\":\"ListItem\",\"position\":2,\"name\":\"Kuinka se toimii?\"}]},{\"@type\":\"WebSite\",\"@id\":\"https:\/\/agripo.se\/fi\/#website\",\"url\":\"https:\/\/agripo.se\/fi\/\",\"name\":\"Agripo\",\"description\":\"The perfect way to sell potatoes\",\"potentialAction\":[{\"@type\":\"SearchAction\",\"target\":{\"@type\":\"EntryPoint\",\"urlTemplate\":\"https:\/\/agripo.se\/fi\/?s={search_term_string}\"},\"query-input\":\"required name=search_term_string\"}],\"inLanguage\":\"fi\"}]}<\/script>\n<!-- \/ Yoast SEO plugin. -->","yoast_head_json":{"title":"Agripo - The perfect way to sell potatoes","robots":{"index":"index","follow":"follow","max-snippet":"max-snippet:-1","max-image-preview":"max-image-preview:large","max-video-preview":"max-video-preview:-1"},"canonical":"https:\/\/agripo.se\/fi\/kuinka-se-toimii\/","og_locale":"fi_FI","og_type":"article","og_title":"Agripo - The perfect way to sell potatoes","og_description":"MIK\u00c4 AGRIPOSSA\u00ae ON NIIN ERITYIST\u00c4? J\u00e4rjestelm\u00e4 on kehitetty parantamaan juuresten myynnin tuottavuutta v\u00e4hent\u00e4m\u00e4ll\u00e4 h\u00e4vikki\u00e4, yksinkertaistamalla logistiikkaa ja tehostamalla prosessia. Juuresnostimemme parantavat ty\u00f6ymp\u00e4rist\u00f6\u00e4 eliminoimalla tarpeen painaville nostoille. Agripoa on jatkuvasti kehitetty ja testattu yli 30 vuoden ajan. Sek\u00e4 s\u00e4hk\u00f6iset nostimet ett\u00e4 manuaalisesti t\u00e4ytett\u00e4v\u00e4t Agripot\u00ae voidaan kehyst\u00e4\u00e4 puisilla kalusteilla, jotka sopivat yhteen myym\u00e4l\u00e4n muun sisustuksen kanssa. N\u00e4in [&hellip;]","og_url":"https:\/\/agripo.se\/fi\/kuinka-se-toimii\/","og_site_name":"Agripo","article_modified_time":"2023-11-23T12:07:42+00:00","og_image":[{"url":"https:\/\/agripo.se\/wp-content\/uploads\/2022\/04\/efficiency.svg"}],"twitter_card":"summary_large_image","twitter_misc":{"Arvioitu lukuaika":"2 minuuttia"},"schema":{"@context":"https:\/\/schema.org","@graph":[{"@type":"WebPage","@id":"https:\/\/agripo.se\/fi\/kuinka-se-toimii\/","url":"https:\/\/agripo.se\/fi\/kuinka-se-toimii\/","name":"Agripo - The perfect way to sell potatoes","isPartOf":{"@id":"https:\/\/agripo.se\/fi\/#website"},"datePublished":"2022-06-21T14:50:45+00:00","dateModified":"2023-11-23T12:07:42+00:00","breadcrumb":{"@id":"https:\/\/agripo.se\/fi\/kuinka-se-toimii\/#breadcrumb"},"inLanguage":"fi","potentialAction":[{"@type":"ReadAction","target":["https:\/\/agripo.se\/fi\/kuinka-se-toimii\/"]}]},{"@type":"BreadcrumbList","@id":"https:\/\/agripo.se\/fi\/kuinka-se-toimii\/#breadcrumb","itemListElement":[{"@type":"ListItem","position":1,"name":"Home","item":"https:\/\/agripo.se\/fi\/"},{"@type":"ListItem","position":2,"name":"Kuinka se toimii?"}]},{"@type":"WebSite","@id":"https:\/\/agripo.se\/fi\/#website","url":"https:\/\/agripo.se\/fi\/","name":"Agripo","description":"The perfect way to sell potatoes","potentialAction":[{"@type":"SearchAction","target":{"@type":"EntryPoint","urlTemplate":"https:\/\/agripo.se\/fi\/?s={search_term_string}"},"query-input":"required name=search_term_string"}],"inLanguage":"fi"}]}},"_links":{"self":[{"href":"https:\/\/agripo.se\/fi\/wp-json\/wp\/v2\/pages\/1401"}],"collection":[{"href":"https:\/\/agripo.se\/fi\/wp-json\/wp\/v2\/pages"}],"about":[{"href":"https:\/\/agripo.se\/fi\/wp-json\/wp\/v2\/types\/page"}],"author":[{"embeddable":true,"href":"https:\/\/agripo.se\/fi\/wp-json\/wp\/v2\/users\/1"}],"replies":[{"embeddable":true,"href":"https:\/\/agripo.se\/fi\/wp-json\/wp\/v2\/comments?post=1401"}],"version-history":[{"count":5,"href":"https:\/\/agripo.se\/fi\/wp-json\/wp\/v2\/pages\/1401\/revisions"}],"predecessor-version":[{"id":1556,"href":"https:\/\/agripo.se\/fi\/wp-json\/wp\/v2\/pages\/1401\/revisions\/1556"}],"wp:attachment":[{"href":"https:\/\/agripo.se\/fi\/wp-json\/wp\/v2\/media?parent=1401"}],"curies":[{"name":"wp","href":"https:\/\/api.w.org\/{rel}","templated":true}]}}