{"id":1404,"date":"2022-06-21T15:54:38","date_gmt":"2022-06-21T14:54:38","guid":{"rendered":"https:\/\/agripo.se\/agripon-hyodyt\/"},"modified":"2023-11-23T13:08:29","modified_gmt":"2023-11-23T12:08:29","slug":"agripon-hyodyt","status":"publish","type":"page","link":"https:\/\/agripo.se\/fi\/agripon-hyodyt\/","title":{"rendered":"Agripon hy\u00f6dyt"},"content":{"rendered":"\n<h1 class=\"wp-block-heading alignfull has-text-align-center\"><strong>Agripon<sup>\u00ae<\/sup> hy\u00f6dyt<\/strong><\/h1>\n\n\n\n<div class=\"wp-block-columns are-vertically-aligned-top is-layout-flex wp-container-core-columns-layout-1 wp-block-columns-is-layout-flex\" style=\"padding-top:1%;padding-right:1%;padding-bottom:1%;padding-left:1%\">\n<div class=\"wp-block-column is-vertically-aligned-top is-layout-flow wp-block-column-is-layout-flow\"><div class=\"wp-block-image\">\n<figure class=\"aligncenter size-large is-resized\"><a href=\"#Efficiency\"><img decoding=\"async\"  src=\"https:\/\/agripo.se\/wp-content\/uploads\/2022\/05\/efficiency-rund.svg\" alt=\"\" class=\"wp-image-899\" style=\"width:150px;height:150px\"\/><\/a><\/figure><\/div>\n\n\n<h4 class=\"wp-block-heading has-text-align-center\"><a href=\"#Efficiency\">TEHOKKUUS<\/a><\/h4>\n<\/div>\n\n\n\n<div class=\"wp-block-column is-vertically-aligned-top is-layout-flow wp-block-column-is-layout-flow\"><div class=\"wp-block-image\">\n<figure class=\"aligncenter size-large is-resized\"><a href=\"#Sustainability\"><img decoding=\"async\"  src=\"https:\/\/agripo.se\/wp-content\/uploads\/2022\/05\/sustainability-rund.svg\" alt=\"\" class=\"wp-image-902\" style=\"width:150px;height:150px\"\/><\/a><\/figure><\/div>\n\n\n<h4 class=\"wp-block-heading has-text-align-center\"><a href=\"#Sustainability\">KEST\u00c4V\u00c4 KEHITYS<\/a><\/h4>\n<\/div>\n\n\n\n<div class=\"wp-block-column is-vertically-aligned-top is-layout-flow wp-block-column-is-layout-flow\"><div class=\"wp-block-image\">\n<figure class=\"aligncenter size-large is-resized\"><a href=\"#Increased-Sales\"><img decoding=\"async\"  src=\"https:\/\/agripo.se\/wp-content\/uploads\/2022\/05\/increased-sales.svg\" alt=\"\" class=\"wp-image-905\" style=\"width:150px;height:150px\"\/><\/a><\/figure><\/div>\n\n\n<h4 class=\"wp-block-heading has-text-align-center\"><a href=\"#Increased-Sales\">MYYNNIN KASVU<\/a><\/h4>\n<\/div>\n<\/div>\n\n\n\n<h2 class=\"wp-block-heading\">TEHOKKUUS<\/h2>\n\n\n\n<div class=\"wp-block-columns is-layout-flex wp-container-core-columns-layout-2 wp-block-columns-is-layout-flex\">\n<div class=\"wp-block-column is-layout-flow wp-block-column-is-layout-flow\" style=\"flex-basis:66.66%\">\n<h4 class=\"wp-block-heading\">LOGISTIIKKA<\/h4>\n\n\n<ul class=\"ub_styled_list\" id=\"ub_styled_list-8a6856f6-8039-434e-b0ce-505ba17aad21\">\n<li class=\"ub_styled_list_item\" style=\"\">Irtoperunan k\u00e4ytt\u00f6 voi tehostaa logistiikkaa jopa 400% verrattuna pusseihin pakattuihin perunoihin. Nelj\u00e4 s\u00e4ili\u00f6t\u00e4, yhteens\u00e4 800 kg perunaa saadaan mahtumaan yhdelle euro-lavalle, kun taas pussitetut perunat vaativat jopa nelj\u00e4 lavaa samalle m\u00e4\u00e4r\u00e4lle.<\/li>\n\n<li class=\"ub_styled_list_item\" style=\"\">Agripo<sup>\u00ae<\/sup>-j\u00e4rjestelm\u00e4ll\u00e4 perunoita ei tarvitse pakata uudelleen. N\u00e4in ollen ne voidaan kuljettaa suoraan viljelij\u00e4lt\u00e4 kauppaan, mik\u00e4 mahdollistaa mahdollisimman tuoreen ruuan tarjoamisen kuluttajalle.<\/li>\n<\/ul><\/div>\n\n\n\n<div class=\"wp-block-column is-layout-flow wp-block-column-is-layout-flow\" style=\"flex-basis:33.33%\">\n<div style=\"height:31px\" aria-hidden=\"true\" class=\"wp-block-spacer\"><\/div>\n\n\n\n<figure class=\"wp-block-image size-full\"><img loading=\"lazy\" decoding=\"async\" width=\"300\" height=\"262\" src=\"https:\/\/agripo.se\/wp-content\/uploads\/2022\/05\/logistics-pic-1.png\" alt=\"\" class=\"wp-image-940\"\/><\/figure>\n<\/div>\n<\/div>\n\n\n\n<div class=\"wp-block-columns is-layout-flex wp-container-core-columns-layout-3 wp-block-columns-is-layout-flex\">\n<div class=\"wp-block-column is-layout-flow wp-block-column-is-layout-flow\" style=\"flex-basis:66.66%\">\n<h4 class=\"wp-block-heading\">HELPOMPI K\u00c4SITTELY<\/h4>\n\n\n<ul class=\"ub_styled_list\" id=\"ub_styled_list-eac5ef29-1648-4e65-bcc5-73da4bb90dfa\">\n<li class=\"ub_styled_list_item\" style=\"\">Kiitos painovoiman, kaupan henkil\u00f6kunta voi k\u00e4ytt\u00e4\u00e4 aikansa ja energiansa johonkin muuhun kuin perunoiden liikutteluun. Kun s\u00e4ili\u00f6 on avattu, perunat rullaavat itsest\u00e4\u00e4n ulos \u2013 valmiina kohtaamaan asiakkaat.<\/li>\n\n<li class=\"ub_styled_list_item\" style=\"\">Agripo<sup>\u00ae<\/sup> on ergonominen niin asiakkaille kuin henkil\u00f6kunnalle. Perunat ovat esill\u00e4 oikealla ergonomisella korkeudella. Ei en\u00e4\u00e4 raskaita nostoja.<\/li>\n<\/ul><\/div>\n\n\n\n<div class=\"wp-block-column is-layout-flow wp-block-column-is-layout-flow\" style=\"flex-basis:33.33%\">\n<div style=\"height:17px\" aria-hidden=\"true\" class=\"wp-block-spacer\"><\/div>\n\n\n\n<figure class=\"wp-block-image size-full is-resized\"><img decoding=\"async\"  src=\"https:\/\/agripo.se\/wp-content\/uploads\/2022\/05\/easier-handling-pic.svg\" alt=\"\" class=\"wp-image-928\" style=\"width:300px\"\/><\/figure>\n<\/div>\n<\/div>\n\n\n\n<div style=\"height:100px\" aria-hidden=\"true\" id=\"Sustainability\" class=\"wp-block-spacer\"><\/div>\n\n\n\n<h2 class=\"wp-block-heading\" id=\"Sustainability\">KEST\u00c4V\u00c4 KEHITYS<\/h2>\n\n\n\n<h4 class=\"wp-block-heading\">V\u00c4HEMM\u00c4N J\u00c4TETT\u00c4<\/h4>\n\n\n\n<div class=\"wp-block-columns is-layout-flex wp-container-core-columns-layout-4 wp-block-columns-is-layout-flex\">\n<div class=\"wp-block-column is-layout-flow wp-block-column-is-layout-flow\" style=\"flex-basis:66.66%\">\n<p>Koska perunat ovat aina suojattuja valolta, ne eiv\u00e4t muutu vihreiksi. Vihre\u00e4t perunat muodostavat suuren osan kaupan perunaj\u00e4tteest\u00e4. Useat kaupat ovat Agripon<sup>\u00ae<\/sup> asentamisen j\u00e4lkeen v\u00e4hent\u00e4neet perunaj\u00e4tteens\u00e4 <strong>nollaan<\/strong>.<\/p>\n<\/div>\n\n\n\n<div class=\"wp-block-column is-layout-flow wp-block-column-is-layout-flow\" style=\"flex-basis:33.33%\">\n<figure class=\"wp-block-image size-full\"><img loading=\"lazy\" decoding=\"async\" width=\"300\" height=\"273\" src=\"https:\/\/agripo.se\/wp-content\/uploads\/2022\/05\/reduced-waste-pic-1.png\" alt=\"\" class=\"wp-image-938\"\/><\/figure>\n<\/div>\n<\/div>\n\n\n\n<h4 class=\"wp-block-heading\">V\u00c4HENTYNYT MUOVIN K\u00c4YTT\u00d6<\/h4>\n\n\n\n<div class=\"wp-block-columns is-layout-flex wp-container-core-columns-layout-5 wp-block-columns-is-layout-flex\">\n<div class=\"wp-block-column is-layout-flow wp-block-column-is-layout-flow\" style=\"flex-basis:66.66%\">\n<p>Nyky\u00e4\u00e4n irtotavaraa myyvien, pakkauksista vapaiden ja j\u00e4tteett\u00f6mien myym\u00e4l\u00f6iden m\u00e4\u00e4r\u00e4 Euroopassa on kasvanut merkitt\u00e4v\u00e4sti. Ja tietenkin my\u00f6s suurten supermarket-ketjujen on seurattava meneill\u00e4\u00e4n olevaa kehityst\u00e4 ja yritett\u00e4v\u00e4 v\u00e4hent\u00e4\u00e4 kertak\u00e4ytt\u00f6tuotteiden ja muovipakkausten m\u00e4\u00e4r\u00e4\u00e4.<\/p>\n\n\n\n<p>Sen sijaan, ett\u00e4 edist\u00e4isit muovisaastetta myym\u00e4ll\u00e4 perunasi valmiiksi pakatuissa pusseissa, sinun kannattaa myyd\u00e4 irtoperunaa suoraan Agriposta paperi- tai biomuovipussien kanssa.<\/p>\n<\/div>\n\n\n\n<div class=\"wp-block-column is-layout-flow wp-block-column-is-layout-flow\" style=\"flex-basis:33.33%\">\n<figure class=\"wp-block-image size-full\"><img loading=\"lazy\" decoding=\"async\" width=\"300\" height=\"420\" src=\"https:\/\/agripo.se\/wp-content\/uploads\/2022\/05\/reduced-plastic-use-pic.png\" alt=\"\" class=\"wp-image-944\" srcset=\"https:\/\/agripo.se\/wp-content\/uploads\/2022\/05\/reduced-plastic-use-pic.png 300w, https:\/\/agripo.se\/wp-content\/uploads\/2022\/05\/reduced-plastic-use-pic-214x300.png 214w\" sizes=\"(max-width: 300px) 100vw, 300px\" \/><\/figure>\n<\/div>\n<\/div>\n\n\n\n<h4 class=\"wp-block-heading\">KEST\u00c4VYYS<\/h4>\n\n\n\n<div class=\"wp-block-columns is-layout-flex wp-container-core-columns-layout-6 wp-block-columns-is-layout-flex\">\n<div class=\"wp-block-column is-layout-flow wp-block-column-is-layout-flow\" style=\"flex-basis:66.66%\">\n<p>Agripo<sup>\u00ae<\/sup>-yksik\u00f6ll\u00e4 on pitk\u00e4 kest\u00e4vyys ja se vaatii minimaalista huoltoa.<\/p>\n\n\n\n<p>Siksi voimme tarjota <strong>2 vuoden takuun<\/strong>, mutta kokemuksemme on, ett\u00e4 Agripo-yksik\u00f6n k\u00e4ytt\u00f6ik\u00e4 voi olla yli <strong>25 vuotta<\/strong>.<\/p>\n<\/div>\n\n\n\n<div class=\"wp-block-column is-layout-flow wp-block-column-is-layout-flow\" style=\"flex-basis:33.33%\">\n<figure class=\"wp-block-image size-full\"><img loading=\"lazy\" decoding=\"async\" width=\"300\" height=\"415\" src=\"https:\/\/agripo.se\/wp-content\/uploads\/2022\/05\/durable-pic.png\" alt=\"\" class=\"wp-image-946\" srcset=\"https:\/\/agripo.se\/wp-content\/uploads\/2022\/05\/durable-pic.png 300w, https:\/\/agripo.se\/wp-content\/uploads\/2022\/05\/durable-pic-217x300.png 217w\" sizes=\"(max-width: 300px) 100vw, 300px\" \/><\/figure>\n<\/div>\n<\/div>\n\n\n\n<div style=\"height:100px\" aria-hidden=\"true\" id=\"Increased-Sales\" class=\"wp-block-spacer\"><\/div>\n\n\n\n<h2 class=\"wp-block-heading\">MYYNNIN KASVU<\/h2>\n\n\n\n<p>Olemme mitanneet myyntitilastoja viidess\u00e4 saksalaisessa myym\u00e4l\u00e4ss\u00e4 nelj\u00e4n kuukauden ajan, vuosi asennuksen j\u00e4lkeen. Tulos osoitti myynnin kasvaneen keskim\u00e4\u00e4rin 38%!<\/p>\n\n\n\n<figure class=\"wp-block-image size-full\"><img loading=\"lazy\" decoding=\"async\" width=\"970\" height=\"434\" src=\"https:\/\/agripo.se\/wp-content\/uploads\/2022\/05\/increased-sales-pic.png\" alt=\"\" class=\"wp-image-950\" srcset=\"https:\/\/agripo.se\/wp-content\/uploads\/2022\/05\/increased-sales-pic.png 970w, https:\/\/agripo.se\/wp-content\/uploads\/2022\/05\/increased-sales-pic-300x134.png 300w, https:\/\/agripo.se\/wp-content\/uploads\/2022\/05\/increased-sales-pic-768x344.png 768w, https:\/\/agripo.se\/wp-content\/uploads\/2022\/05\/increased-sales-pic-400x179.png 400w, https:\/\/agripo.se\/wp-content\/uploads\/2022\/05\/increased-sales-pic-600x268.png 600w\" sizes=\"(max-width: 970px) 100vw, 970px\" \/><\/figure>\n\n\n\n<p>Haluaisitko sin\u00e4kin kokeilla Agripo<sup>\u00ae<\/sup>-j\u00e4rjestelm\u00e4\u00e4 myym\u00e4l\u00e4ss\u00e4si?<\/p>\n\n\n\n<div class=\"wp-block-buttons is-layout-flex wp-block-buttons-is-layout-flex\">\n<div class=\"wp-block-button\"><a class=\"wp-block-button__link wp-element-button\" href=\"https:\/\/agripo.se\/fi\/yhteystiedot\/\">Ota yhteytt\u00e4!<\/a><\/div>\n<\/div>\n\n\n\n<p><\/p>\n","protected":false},"excerpt":{"rendered":"<p>Agripon\u00ae hy\u00f6dyt TEHOKKUUS KEST\u00c4V\u00c4 KEHITYS MYYNNIN KASVU TEHOKKUUS LOGISTIIKKA HELPOMPI K\u00c4SITTELY KEST\u00c4V\u00c4 KEHITYS V\u00c4HEMM\u00c4N J\u00c4TETT\u00c4 Koska perunat ovat aina suojattuja valolta, ne eiv\u00e4t muutu vihreiksi. Vihre\u00e4t perunat muodostavat suuren osan kaupan perunaj\u00e4tteest\u00e4. Useat kaupat ovat Agripon\u00ae asentamisen j\u00e4lkeen v\u00e4hent\u00e4neet perunaj\u00e4tteens\u00e4 nollaan. V\u00c4HENTYNYT MUOVIN K\u00c4YTT\u00d6 Nyky\u00e4\u00e4n irtotavaraa myyvien, pakkauksista vapaiden ja j\u00e4tteett\u00f6mien myym\u00e4l\u00f6iden m\u00e4\u00e4r\u00e4 Euroopassa on [&hellip;]<\/p>\n","protected":false},"author":2,"featured_media":0,"parent":0,"menu_order":0,"comment_status":"closed","ping_status":"closed","template":"","meta":{"inline_featured_image":false,"ub_ctt_via":"","footnotes":""},"acf":[],"featured_image_src":null,"yoast_head":"<!-- This site is optimized with the Yoast SEO plugin v21.5 - https:\/\/yoast.com\/wordpress\/plugins\/seo\/ -->\n<title>Agripon hy\u00f6dyt - Agripo<\/title>\n<meta name=\"robots\" content=\"index, follow, max-snippet:-1, max-image-preview:large, max-video-preview:-1\" \/>\n<link rel=\"canonical\" href=\"https:\/\/agripo.se\/fi\/agripon-hyodyt\/\" \/>\n<meta property=\"og:locale\" content=\"fi_FI\" \/>\n<meta property=\"og:type\" content=\"article\" \/>\n<meta property=\"og:title\" content=\"Agripon hy\u00f6dyt - Agripo\" \/>\n<meta property=\"og:description\" content=\"Agripon\u00ae hy\u00f6dyt TEHOKKUUS KEST\u00c4V\u00c4 KEHITYS MYYNNIN KASVU TEHOKKUUS LOGISTIIKKA HELPOMPI K\u00c4SITTELY KEST\u00c4V\u00c4 KEHITYS V\u00c4HEMM\u00c4N J\u00c4TETT\u00c4 Koska perunat ovat aina suojattuja valolta, ne eiv\u00e4t muutu vihreiksi. Vihre\u00e4t perunat muodostavat suuren osan kaupan perunaj\u00e4tteest\u00e4. Useat kaupat ovat Agripon\u00ae asentamisen j\u00e4lkeen v\u00e4hent\u00e4neet perunaj\u00e4tteens\u00e4 nollaan. V\u00c4HENTYNYT MUOVIN K\u00c4YTT\u00d6 Nyky\u00e4\u00e4n irtotavaraa myyvien, pakkauksista vapaiden ja j\u00e4tteett\u00f6mien myym\u00e4l\u00f6iden m\u00e4\u00e4r\u00e4 Euroopassa on [&hellip;]\" \/>\n<meta property=\"og:url\" content=\"https:\/\/agripo.se\/fi\/agripon-hyodyt\/\" \/>\n<meta property=\"og:site_name\" content=\"Agripo\" \/>\n<meta property=\"article:modified_time\" content=\"2023-11-23T12:08:29+00:00\" \/>\n<meta property=\"og:image\" content=\"https:\/\/agripo.se\/wp-content\/uploads\/2022\/05\/efficiency-rund.svg\" \/>\n<meta name=\"twitter:card\" content=\"summary_large_image\" \/>\n<meta name=\"twitter:label1\" content=\"Arvioitu lukuaika\" \/>\n\t<meta name=\"twitter:data1\" content=\"3 minuuttia\" \/>\n<script type=\"application\/ld+json\" class=\"yoast-schema-graph\">{\"@context\":\"https:\/\/schema.org\",\"@graph\":[{\"@type\":\"WebPage\",\"@id\":\"https:\/\/agripo.se\/fi\/agripon-hyodyt\/\",\"url\":\"https:\/\/agripo.se\/fi\/agripon-hyodyt\/\",\"name\":\"Agripon hy\u00f6dyt - Agripo\",\"isPartOf\":{\"@id\":\"https:\/\/agripo.se\/fi\/#website\"},\"datePublished\":\"2022-06-21T14:54:38+00:00\",\"dateModified\":\"2023-11-23T12:08:29+00:00\",\"breadcrumb\":{\"@id\":\"https:\/\/agripo.se\/fi\/agripon-hyodyt\/#breadcrumb\"},\"inLanguage\":\"fi\",\"potentialAction\":[{\"@type\":\"ReadAction\",\"target\":[\"https:\/\/agripo.se\/fi\/agripon-hyodyt\/\"]}]},{\"@type\":\"BreadcrumbList\",\"@id\":\"https:\/\/agripo.se\/fi\/agripon-hyodyt\/#breadcrumb\",\"itemListElement\":[{\"@type\":\"ListItem\",\"position\":1,\"name\":\"Home\",\"item\":\"https:\/\/agripo.se\/fi\/\"},{\"@type\":\"ListItem\",\"position\":2,\"name\":\"Agripon hy\u00f6dyt\"}]},{\"@type\":\"WebSite\",\"@id\":\"https:\/\/agripo.se\/fi\/#website\",\"url\":\"https:\/\/agripo.se\/fi\/\",\"name\":\"Agripo\",\"description\":\"The perfect way to sell potatoes\",\"potentialAction\":[{\"@type\":\"SearchAction\",\"target\":{\"@type\":\"EntryPoint\",\"urlTemplate\":\"https:\/\/agripo.se\/fi\/?s={search_term_string}\"},\"query-input\":\"required name=search_term_string\"}],\"inLanguage\":\"fi\"}]}<\/script>\n<!-- \/ Yoast SEO plugin. -->","yoast_head_json":{"title":"Agripon hy\u00f6dyt - Agripo","robots":{"index":"index","follow":"follow","max-snippet":"max-snippet:-1","max-image-preview":"max-image-preview:large","max-video-preview":"max-video-preview:-1"},"canonical":"https:\/\/agripo.se\/fi\/agripon-hyodyt\/","og_locale":"fi_FI","og_type":"article","og_title":"Agripon hy\u00f6dyt - Agripo","og_description":"Agripon\u00ae hy\u00f6dyt TEHOKKUUS KEST\u00c4V\u00c4 KEHITYS MYYNNIN KASVU TEHOKKUUS LOGISTIIKKA HELPOMPI K\u00c4SITTELY KEST\u00c4V\u00c4 KEHITYS V\u00c4HEMM\u00c4N J\u00c4TETT\u00c4 Koska perunat ovat aina suojattuja valolta, ne eiv\u00e4t muutu vihreiksi. Vihre\u00e4t perunat muodostavat suuren osan kaupan perunaj\u00e4tteest\u00e4. Useat kaupat ovat Agripon\u00ae asentamisen j\u00e4lkeen v\u00e4hent\u00e4neet perunaj\u00e4tteens\u00e4 nollaan. V\u00c4HENTYNYT MUOVIN K\u00c4YTT\u00d6 Nyky\u00e4\u00e4n irtotavaraa myyvien, pakkauksista vapaiden ja j\u00e4tteett\u00f6mien myym\u00e4l\u00f6iden m\u00e4\u00e4r\u00e4 Euroopassa on [&hellip;]","og_url":"https:\/\/agripo.se\/fi\/agripon-hyodyt\/","og_site_name":"Agripo","article_modified_time":"2023-11-23T12:08:29+00:00","og_image":[{"url":"https:\/\/agripo.se\/wp-content\/uploads\/2022\/05\/efficiency-rund.svg"}],"twitter_card":"summary_large_image","twitter_misc":{"Arvioitu lukuaika":"3 minuuttia"},"schema":{"@context":"https:\/\/schema.org","@graph":[{"@type":"WebPage","@id":"https:\/\/agripo.se\/fi\/agripon-hyodyt\/","url":"https:\/\/agripo.se\/fi\/agripon-hyodyt\/","name":"Agripon hy\u00f6dyt - Agripo","isPartOf":{"@id":"https:\/\/agripo.se\/fi\/#website"},"datePublished":"2022-06-21T14:54:38+00:00","dateModified":"2023-11-23T12:08:29+00:00","breadcrumb":{"@id":"https:\/\/agripo.se\/fi\/agripon-hyodyt\/#breadcrumb"},"inLanguage":"fi","potentialAction":[{"@type":"ReadAction","target":["https:\/\/agripo.se\/fi\/agripon-hyodyt\/"]}]},{"@type":"BreadcrumbList","@id":"https:\/\/agripo.se\/fi\/agripon-hyodyt\/#breadcrumb","itemListElement":[{"@type":"ListItem","position":1,"name":"Home","item":"https:\/\/agripo.se\/fi\/"},{"@type":"ListItem","position":2,"name":"Agripon hy\u00f6dyt"}]},{"@type":"WebSite","@id":"https:\/\/agripo.se\/fi\/#website","url":"https:\/\/agripo.se\/fi\/","name":"Agripo","description":"The perfect way to sell potatoes","potentialAction":[{"@type":"SearchAction","target":{"@type":"EntryPoint","urlTemplate":"https:\/\/agripo.se\/fi\/?s={search_term_string}"},"query-input":"required name=search_term_string"}],"inLanguage":"fi"}]}},"_links":{"self":[{"href":"https:\/\/agripo.se\/fi\/wp-json\/wp\/v2\/pages\/1404"}],"collection":[{"href":"https:\/\/agripo.se\/fi\/wp-json\/wp\/v2\/pages"}],"about":[{"href":"https:\/\/agripo.se\/fi\/wp-json\/wp\/v2\/types\/page"}],"author":[{"embeddable":true,"href":"https:\/\/agripo.se\/fi\/wp-json\/wp\/v2\/users\/2"}],"replies":[{"embeddable":true,"href":"https:\/\/agripo.se\/fi\/wp-json\/wp\/v2\/comments?post=1404"}],"version-history":[{"count":7,"href":"https:\/\/agripo.se\/fi\/wp-json\/wp\/v2\/pages\/1404\/revisions"}],"predecessor-version":[{"id":1557,"href":"https:\/\/agripo.se\/fi\/wp-json\/wp\/v2\/pages\/1404\/revisions\/1557"}],"wp:attachment":[{"href":"https:\/\/agripo.se\/fi\/wp-json\/wp\/v2\/media?parent=1404"}],"curies":[{"name":"wp","href":"https:\/\/api.w.org\/{rel}","templated":true}]}}