{"id":1454,"date":"2022-06-22T10:36:51","date_gmt":"2022-06-22T09:36:51","guid":{"rendered":"https:\/\/agripo.se\/yhteystiedot\/"},"modified":"2023-11-23T13:08:58","modified_gmt":"2023-11-23T12:08:58","slug":"yhteystiedot","status":"publish","type":"page","link":"https:\/\/agripo.se\/fi\/yhteystiedot\/","title":{"rendered":"Yhteystiedot"},"content":{"rendered":"\n<div class=\"wp-block-group alignfull has-secondary-background-color has-background is-layout-flow wp-block-group-is-layout-flow\"><div class=\"wp-block-group__inner-container\">\n<h1 class=\"wp-block-heading has-base-color has-text-color\" id=\"block-2dc866a6-f791-4ef5-951c-1700178f2327\">Hei!<\/h1>\n\n\n\n<p class=\"has-medium-font-size\">Toivomme, ett\u00e4 l\u00f6ysit etsim\u00e4si verkkosivustoltamme. Autamme mielell\u00e4mme, jos sinulla on kysymyksi\u00e4 tai haluat keskustella projektista kanssamme.<\/p>\n<\/div><\/div>\n\n\n\n<div class=\"wp-block-group alignfull has-primary-background-color has-background is-layout-flow wp-block-group-is-layout-flow\"><div class=\"wp-block-group__inner-container\">\n<h2 class=\"wp-block-heading has-base-color has-text-color\">Agripo<sup>\u00ae<\/sup><\/h2>\n\n\n\n<h4 class=\"wp-block-heading has-base-color has-text-color\">INTERIOR EXPERTS SWEDEN AB (INTRX, INTRX OY)<\/h4>\n\n\n\n<p><strong>K\u00e4yntiosoite:<\/strong> J\u00e4rsj\u00f6gatan 9, 692 35 Kumla, Ruotsi <br><strong>Toimitusosoite:<\/strong> Viagatan 12, 692 35 Kumla, Ruotsi<br><strong>Postiosoite:<\/strong> Box 140, 692 23 Kumla, Ruotsi<\/p>\n<\/div><\/div>\n\n\n\n<p><\/p>\n","protected":false},"excerpt":{"rendered":"<p>Hei! Toivomme, ett\u00e4 l\u00f6ysit etsim\u00e4si verkkosivustoltamme. Autamme mielell\u00e4mme, jos sinulla on kysymyksi\u00e4 tai haluat keskustella projektista kanssamme. Agripo\u00ae INTERIOR EXPERTS SWEDEN AB (INTRX, INTRX OY) K\u00e4yntiosoite: J\u00e4rsj\u00f6gatan 9, 692 35 Kumla, Ruotsi Toimitusosoite: Viagatan 12, 692 35 Kumla, RuotsiPostiosoite: Box 140, 692 23 Kumla, Ruotsi<\/p>\n","protected":false},"author":1,"featured_media":0,"parent":0,"menu_order":0,"comment_status":"closed","ping_status":"closed","template":"template-kontakt.php","meta":{"inline_featured_image":false,"ub_ctt_via":"","footnotes":""},"acf":[],"featured_image_src":null,"yoast_head":"<!-- This site is optimized with the Yoast SEO plugin v21.5 - https:\/\/yoast.com\/wordpress\/plugins\/seo\/ -->\n<title>Yhteystiedot - Agripo<\/title>\n<meta name=\"robots\" content=\"index, follow, max-snippet:-1, max-image-preview:large, max-video-preview:-1\" \/>\n<link rel=\"canonical\" href=\"https:\/\/agripo.se\/fi\/yhteystiedot\/\" \/>\n<meta property=\"og:locale\" content=\"fi_FI\" \/>\n<meta property=\"og:type\" content=\"article\" \/>\n<meta property=\"og:title\" content=\"Yhteystiedot - Agripo\" \/>\n<meta property=\"og:description\" content=\"Hei! Toivomme, ett\u00e4 l\u00f6ysit etsim\u00e4si verkkosivustoltamme. Autamme mielell\u00e4mme, jos sinulla on kysymyksi\u00e4 tai haluat keskustella projektista kanssamme. Agripo\u00ae INTERIOR EXPERTS SWEDEN AB (INTRX, INTRX OY) K\u00e4yntiosoite: J\u00e4rsj\u00f6gatan 9, 692 35 Kumla, Ruotsi Toimitusosoite: Viagatan 12, 692 35 Kumla, RuotsiPostiosoite: Box 140, 692 23 Kumla, Ruotsi\" \/>\n<meta property=\"og:url\" content=\"https:\/\/agripo.se\/fi\/yhteystiedot\/\" \/>\n<meta property=\"og:site_name\" content=\"Agripo\" \/>\n<meta property=\"article:modified_time\" content=\"2023-11-23T12:08:58+00:00\" \/>\n<meta name=\"twitter:card\" content=\"summary_large_image\" \/>\n<script type=\"application\/ld+json\" class=\"yoast-schema-graph\">{\"@context\":\"https:\/\/schema.org\",\"@graph\":[{\"@type\":\"WebPage\",\"@id\":\"https:\/\/agripo.se\/fi\/yhteystiedot\/\",\"url\":\"https:\/\/agripo.se\/fi\/yhteystiedot\/\",\"name\":\"Yhteystiedot - Agripo\",\"isPartOf\":{\"@id\":\"https:\/\/agripo.se\/fi\/#website\"},\"datePublished\":\"2022-06-22T09:36:51+00:00\",\"dateModified\":\"2023-11-23T12:08:58+00:00\",\"breadcrumb\":{\"@id\":\"https:\/\/agripo.se\/fi\/yhteystiedot\/#breadcrumb\"},\"inLanguage\":\"fi\",\"potentialAction\":[{\"@type\":\"ReadAction\",\"target\":[\"https:\/\/agripo.se\/fi\/yhteystiedot\/\"]}]},{\"@type\":\"BreadcrumbList\",\"@id\":\"https:\/\/agripo.se\/fi\/yhteystiedot\/#breadcrumb\",\"itemListElement\":[{\"@type\":\"ListItem\",\"position\":1,\"name\":\"Home\",\"item\":\"https:\/\/agripo.se\/fi\/\"},{\"@type\":\"ListItem\",\"position\":2,\"name\":\"Yhteystiedot\"}]},{\"@type\":\"WebSite\",\"@id\":\"https:\/\/agripo.se\/fi\/#website\",\"url\":\"https:\/\/agripo.se\/fi\/\",\"name\":\"Agripo\",\"description\":\"The perfect way to sell potatoes\",\"potentialAction\":[{\"@type\":\"SearchAction\",\"target\":{\"@type\":\"EntryPoint\",\"urlTemplate\":\"https:\/\/agripo.se\/fi\/?s={search_term_string}\"},\"query-input\":\"required name=search_term_string\"}],\"inLanguage\":\"fi\"}]}<\/script>\n<!-- \/ Yoast SEO plugin. -->","yoast_head_json":{"title":"Yhteystiedot - Agripo","robots":{"index":"index","follow":"follow","max-snippet":"max-snippet:-1","max-image-preview":"max-image-preview:large","max-video-preview":"max-video-preview:-1"},"canonical":"https:\/\/agripo.se\/fi\/yhteystiedot\/","og_locale":"fi_FI","og_type":"article","og_title":"Yhteystiedot - Agripo","og_description":"Hei! Toivomme, ett\u00e4 l\u00f6ysit etsim\u00e4si verkkosivustoltamme. Autamme mielell\u00e4mme, jos sinulla on kysymyksi\u00e4 tai haluat keskustella projektista kanssamme. Agripo\u00ae INTERIOR EXPERTS SWEDEN AB (INTRX, INTRX OY) K\u00e4yntiosoite: J\u00e4rsj\u00f6gatan 9, 692 35 Kumla, Ruotsi Toimitusosoite: Viagatan 12, 692 35 Kumla, RuotsiPostiosoite: Box 140, 692 23 Kumla, Ruotsi","og_url":"https:\/\/agripo.se\/fi\/yhteystiedot\/","og_site_name":"Agripo","article_modified_time":"2023-11-23T12:08:58+00:00","twitter_card":"summary_large_image","schema":{"@context":"https:\/\/schema.org","@graph":[{"@type":"WebPage","@id":"https:\/\/agripo.se\/fi\/yhteystiedot\/","url":"https:\/\/agripo.se\/fi\/yhteystiedot\/","name":"Yhteystiedot - Agripo","isPartOf":{"@id":"https:\/\/agripo.se\/fi\/#website"},"datePublished":"2022-06-22T09:36:51+00:00","dateModified":"2023-11-23T12:08:58+00:00","breadcrumb":{"@id":"https:\/\/agripo.se\/fi\/yhteystiedot\/#breadcrumb"},"inLanguage":"fi","potentialAction":[{"@type":"ReadAction","target":["https:\/\/agripo.se\/fi\/yhteystiedot\/"]}]},{"@type":"BreadcrumbList","@id":"https:\/\/agripo.se\/fi\/yhteystiedot\/#breadcrumb","itemListElement":[{"@type":"ListItem","position":1,"name":"Home","item":"https:\/\/agripo.se\/fi\/"},{"@type":"ListItem","position":2,"name":"Yhteystiedot"}]},{"@type":"WebSite","@id":"https:\/\/agripo.se\/fi\/#website","url":"https:\/\/agripo.se\/fi\/","name":"Agripo","description":"The perfect way to sell potatoes","potentialAction":[{"@type":"SearchAction","target":{"@type":"EntryPoint","urlTemplate":"https:\/\/agripo.se\/fi\/?s={search_term_string}"},"query-input":"required name=search_term_string"}],"inLanguage":"fi"}]}},"_links":{"self":[{"href":"https:\/\/agripo.se\/fi\/wp-json\/wp\/v2\/pages\/1454"}],"collection":[{"href":"https:\/\/agripo.se\/fi\/wp-json\/wp\/v2\/pages"}],"about":[{"href":"https:\/\/agripo.se\/fi\/wp-json\/wp\/v2\/types\/page"}],"author":[{"embeddable":true,"href":"https:\/\/agripo.se\/fi\/wp-json\/wp\/v2\/users\/1"}],"replies":[{"embeddable":true,"href":"https:\/\/agripo.se\/fi\/wp-json\/wp\/v2\/comments?post=1454"}],"version-history":[{"count":4,"href":"https:\/\/agripo.se\/fi\/wp-json\/wp\/v2\/pages\/1454\/revisions"}],"predecessor-version":[{"id":1558,"href":"https:\/\/agripo.se\/fi\/wp-json\/wp\/v2\/pages\/1454\/revisions\/1558"}],"wp:attachment":[{"href":"https:\/\/agripo.se\/fi\/wp-json\/wp\/v2\/media?parent=1454"}],"curies":[{"name":"wp","href":"https:\/\/api.w.org\/{rel}","templated":true}]}}