{"id":1428,"date":"2022-05-10T15:20:18","date_gmt":"2022-05-10T14:20:18","guid":{"rendered":"https:\/\/agripo.se\/produkter\/Ei-luokiteltu\/manuaalinen-juuresannostelija-m104-sisaltaa-huippualtistuksen\/"},"modified":"2022-05-10T15:20:18","modified_gmt":"2022-05-10T14:20:18","slug":"manuaalinen-juuresannostelija-m104-sisaltaa-huippualtistuksen","status":"publish","type":"product","link":"https:\/\/agripo.se\/fi\/produkter\/manuaaliset-juuresautomaatit\/manuaalinen-juuresannostelija-m104-sisaltaa-huippualtistuksen\/","title":{"rendered":"MANUAALINEN JUURESANNOSTELIJA M104 SIS\u00c4LT\u00c4\u00c4 HUIPPUALTISTUKSEN"},"content":{"rendered":"","protected":false},"excerpt":{"rendered":"<p>Manuaalinen automaatti, jossa extra myyntitilaa. Kolmeen osaan jaettava p\u00f6yt\u00e4taso, kaksi hintataulua A4-koossa. Yl\u00e4osa sis\u00e4lt\u00e4\u00e4 hyllyn, jossa on nelj\u00e4 sipulisaapasta ja kannatinkisko, jossa on 7 hyllypiikki\u00e4.<\/p>\n","protected":false},"featured_media":1332,"template":"","meta":{"inline_featured_image":false,"ub_ctt_via":""},"product_cat":[57],"product_tag":[],"acf":[],"yoast_head":"<!-- This site is optimized with the Yoast SEO plugin v21.5 - https:\/\/yoast.com\/wordpress\/plugins\/seo\/ -->\n<title>MANUAALINEN JUURESANNOSTELIJA M104 SIS\u00c4LT\u00c4\u00c4 HUIPPUALTISTUKSEN - Agripo<\/title>\n<meta name=\"robots\" content=\"index, follow, max-snippet:-1, max-image-preview:large, max-video-preview:-1\" \/>\n<link rel=\"canonical\" href=\"https:\/\/agripo.se\/fi\/produkter\/manuaaliset-juuresautomaatit\/manuaalinen-juuresannostelija-m104-sisaltaa-huippualtistuksen\/\" \/>\n<meta property=\"og:locale\" content=\"fi_FI\" \/>\n<meta property=\"og:type\" content=\"article\" \/>\n<meta property=\"og:title\" content=\"MANUAALINEN JUURESANNOSTELIJA M104 SIS\u00c4LT\u00c4\u00c4 HUIPPUALTISTUKSEN - Agripo\" \/>\n<meta property=\"og:description\" content=\"Manuaalinen automaatti, jossa extra myyntitilaa. Kolmeen osaan jaettava p\u00f6yt\u00e4taso, kaksi hintataulua A4-koossa. Yl\u00e4osa sis\u00e4lt\u00e4\u00e4 hyllyn, jossa on nelj\u00e4 sipulisaapasta ja kannatinkisko, jossa on 7 hyllypiikki\u00e4.\" \/>\n<meta property=\"og:url\" content=\"https:\/\/agripo.se\/fi\/produkter\/manuaaliset-juuresautomaatit\/manuaalinen-juuresannostelija-m104-sisaltaa-huippualtistuksen\/\" \/>\n<meta property=\"og:site_name\" content=\"Agripo\" \/>\n<meta property=\"og:image\" content=\"https:\/\/agripo.se\/wp-content\/uploads\/2022\/05\/5600041-1.jpg\" \/>\n\t<meta property=\"og:image:width\" content=\"800\" \/>\n\t<meta property=\"og:image:height\" content=\"1067\" \/>\n\t<meta property=\"og:image:type\" content=\"image\/jpeg\" \/>\n<meta name=\"twitter:card\" content=\"summary_large_image\" \/>\n<script type=\"application\/ld+json\" class=\"yoast-schema-graph\">{\"@context\":\"https:\/\/schema.org\",\"@graph\":[{\"@type\":\"WebPage\",\"@id\":\"https:\/\/agripo.se\/fi\/produkter\/manuaaliset-juuresautomaatit\/manuaalinen-juuresannostelija-m104-sisaltaa-huippualtistuksen\/\",\"url\":\"https:\/\/agripo.se\/fi\/produkter\/manuaaliset-juuresautomaatit\/manuaalinen-juuresannostelija-m104-sisaltaa-huippualtistuksen\/\",\"name\":\"MANUAALINEN JUURESANNOSTELIJA M104 SIS\u00c4LT\u00c4\u00c4 HUIPPUALTISTUKSEN - Agripo\",\"isPartOf\":{\"@id\":\"https:\/\/agripo.se\/fi\/#website\"},\"datePublished\":\"2022-05-10T14:20:18+00:00\",\"dateModified\":\"2022-05-10T14:20:18+00:00\",\"breadcrumb\":{\"@id\":\"https:\/\/agripo.se\/fi\/produkter\/manuaaliset-juuresautomaatit\/manuaalinen-juuresannostelija-m104-sisaltaa-huippualtistuksen\/#breadcrumb\"},\"inLanguage\":\"fi\",\"potentialAction\":[{\"@type\":\"ReadAction\",\"target\":[\"https:\/\/agripo.se\/fi\/produkter\/manuaaliset-juuresautomaatit\/manuaalinen-juuresannostelija-m104-sisaltaa-huippualtistuksen\/\"]}]},{\"@type\":\"BreadcrumbList\",\"@id\":\"https:\/\/agripo.se\/fi\/produkter\/manuaaliset-juuresautomaatit\/manuaalinen-juuresannostelija-m104-sisaltaa-huippualtistuksen\/#breadcrumb\",\"itemListElement\":[{\"@type\":\"ListItem\",\"position\":1,\"name\":\"Home\",\"item\":\"https:\/\/agripo.se\/fi\/\"},{\"@type\":\"ListItem\",\"position\":2,\"name\":\"Tuotteet\",\"item\":\"https:\/\/agripo.se\/fi\/tuotteet\/\"},{\"@type\":\"ListItem\",\"position\":3,\"name\":\"MANUAALINEN JUURESANNOSTELIJA M104 SIS\u00c4LT\u00c4\u00c4 HUIPPUALTISTUKSEN\"}]},{\"@type\":\"WebSite\",\"@id\":\"https:\/\/agripo.se\/fi\/#website\",\"url\":\"https:\/\/agripo.se\/fi\/\",\"name\":\"Agripo\",\"description\":\"The perfect way to sell potatoes\",\"potentialAction\":[{\"@type\":\"SearchAction\",\"target\":{\"@type\":\"EntryPoint\",\"urlTemplate\":\"https:\/\/agripo.se\/fi\/?s={search_term_string}\"},\"query-input\":\"required name=search_term_string\"}],\"inLanguage\":\"fi\"}]}<\/script>\n<!-- \/ Yoast SEO plugin. -->","yoast_head_json":{"title":"MANUAALINEN JUURESANNOSTELIJA M104 SIS\u00c4LT\u00c4\u00c4 HUIPPUALTISTUKSEN - Agripo","robots":{"index":"index","follow":"follow","max-snippet":"max-snippet:-1","max-image-preview":"max-image-preview:large","max-video-preview":"max-video-preview:-1"},"canonical":"https:\/\/agripo.se\/fi\/produkter\/manuaaliset-juuresautomaatit\/manuaalinen-juuresannostelija-m104-sisaltaa-huippualtistuksen\/","og_locale":"fi_FI","og_type":"article","og_title":"MANUAALINEN JUURESANNOSTELIJA M104 SIS\u00c4LT\u00c4\u00c4 HUIPPUALTISTUKSEN - Agripo","og_description":"Manuaalinen automaatti, jossa extra myyntitilaa. Kolmeen osaan jaettava p\u00f6yt\u00e4taso, kaksi hintataulua A4-koossa. Yl\u00e4osa sis\u00e4lt\u00e4\u00e4 hyllyn, jossa on nelj\u00e4 sipulisaapasta ja kannatinkisko, jossa on 7 hyllypiikki\u00e4.","og_url":"https:\/\/agripo.se\/fi\/produkter\/manuaaliset-juuresautomaatit\/manuaalinen-juuresannostelija-m104-sisaltaa-huippualtistuksen\/","og_site_name":"Agripo","og_image":[{"width":800,"height":1067,"url":"https:\/\/agripo.se\/wp-content\/uploads\/2022\/05\/5600041-1.jpg","type":"image\/jpeg"}],"twitter_card":"summary_large_image","schema":{"@context":"https:\/\/schema.org","@graph":[{"@type":"WebPage","@id":"https:\/\/agripo.se\/fi\/produkter\/manuaaliset-juuresautomaatit\/manuaalinen-juuresannostelija-m104-sisaltaa-huippualtistuksen\/","url":"https:\/\/agripo.se\/fi\/produkter\/manuaaliset-juuresautomaatit\/manuaalinen-juuresannostelija-m104-sisaltaa-huippualtistuksen\/","name":"MANUAALINEN JUURESANNOSTELIJA M104 SIS\u00c4LT\u00c4\u00c4 HUIPPUALTISTUKSEN - Agripo","isPartOf":{"@id":"https:\/\/agripo.se\/fi\/#website"},"datePublished":"2022-05-10T14:20:18+00:00","dateModified":"2022-05-10T14:20:18+00:00","breadcrumb":{"@id":"https:\/\/agripo.se\/fi\/produkter\/manuaaliset-juuresautomaatit\/manuaalinen-juuresannostelija-m104-sisaltaa-huippualtistuksen\/#breadcrumb"},"inLanguage":"fi","potentialAction":[{"@type":"ReadAction","target":["https:\/\/agripo.se\/fi\/produkter\/manuaaliset-juuresautomaatit\/manuaalinen-juuresannostelija-m104-sisaltaa-huippualtistuksen\/"]}]},{"@type":"BreadcrumbList","@id":"https:\/\/agripo.se\/fi\/produkter\/manuaaliset-juuresautomaatit\/manuaalinen-juuresannostelija-m104-sisaltaa-huippualtistuksen\/#breadcrumb","itemListElement":[{"@type":"ListItem","position":1,"name":"Home","item":"https:\/\/agripo.se\/fi\/"},{"@type":"ListItem","position":2,"name":"Tuotteet","item":"https:\/\/agripo.se\/fi\/tuotteet\/"},{"@type":"ListItem","position":3,"name":"MANUAALINEN JUURESANNOSTELIJA M104 SIS\u00c4LT\u00c4\u00c4 HUIPPUALTISTUKSEN"}]},{"@type":"WebSite","@id":"https:\/\/agripo.se\/fi\/#website","url":"https:\/\/agripo.se\/fi\/","name":"Agripo","description":"The perfect way to sell potatoes","potentialAction":[{"@type":"SearchAction","target":{"@type":"EntryPoint","urlTemplate":"https:\/\/agripo.se\/fi\/?s={search_term_string}"},"query-input":"required name=search_term_string"}],"inLanguage":"fi"}]}},"_links":{"self":[{"href":"https:\/\/agripo.se\/fi\/wp-json\/wp\/v2\/product\/1428"}],"collection":[{"href":"https:\/\/agripo.se\/fi\/wp-json\/wp\/v2\/product"}],"about":[{"href":"https:\/\/agripo.se\/fi\/wp-json\/wp\/v2\/types\/product"}],"wp:featuredmedia":[{"embeddable":true,"href":"https:\/\/agripo.se\/fi\/wp-json\/wp\/v2\/media\/1332"}],"wp:attachment":[{"href":"https:\/\/agripo.se\/fi\/wp-json\/wp\/v2\/media?parent=1428"}],"wp:term":[{"taxonomy":"product_cat","embeddable":true,"href":"https:\/\/agripo.se\/fi\/wp-json\/wp\/v2\/product_cat?post=1428"},{"taxonomy":"product_tag","embeddable":true,"href":"https:\/\/agripo.se\/fi\/wp-json\/wp\/v2\/product_tag?post=1428"}],"curies":[{"name":"wp","href":"https:\/\/api.w.org\/{rel}","templated":true}]}}