{"id":1438,"date":"2022-05-11T12:54:00","date_gmt":"2022-05-11T11:54:00","guid":{"rendered":"https:\/\/agripo.se\/produkter\/Ei-luokiteltu\/alumininen-kehys-a3-muovisuojalla\/"},"modified":"2022-05-11T12:54:00","modified_gmt":"2022-05-11T11:54:00","slug":"alumininen-kehys-a3-muovisuojalla","status":"publish","type":"product","link":"https:\/\/agripo.se\/fi\/produkter\/lisavarusteet\/alumininen-kehys-a3-muovisuojalla\/","title":{"rendered":"ALUMININEN KEHYS A3 MUOVISUOJALLA"},"content":{"rendered":"","protected":false},"excerpt":{"rendered":"<p>Snap-runko, joka on valmistettu t\u00e4ysin ruostumattomista materiaaleista. T\u00e4m\u00e4 kehys on varustettu napsautustoiminnolla mainosten vaihtamiseksi nopeasti ja helposti. Saatavana eri kokoisina.<\/p>\n","protected":false},"featured_media":1342,"template":"","meta":{"inline_featured_image":false,"ub_ctt_via":""},"product_cat":[58],"product_tag":[],"acf":[],"yoast_head":"<!-- This site is optimized with the Yoast SEO plugin v21.5 - https:\/\/yoast.com\/wordpress\/plugins\/seo\/ -->\n<title>ALUMININEN KEHYS A3 MUOVISUOJALLA - Agripo<\/title>\n<meta name=\"robots\" content=\"index, follow, max-snippet:-1, max-image-preview:large, max-video-preview:-1\" \/>\n<link rel=\"canonical\" href=\"https:\/\/agripo.se\/fi\/produkter\/lisavarusteet\/alumininen-kehys-a3-muovisuojalla\/\" \/>\n<meta property=\"og:locale\" content=\"fi_FI\" \/>\n<meta property=\"og:type\" content=\"article\" \/>\n<meta property=\"og:title\" content=\"ALUMININEN KEHYS A3 MUOVISUOJALLA - Agripo\" \/>\n<meta property=\"og:description\" content=\"Snap-runko, joka on valmistettu t\u00e4ysin ruostumattomista materiaaleista. T\u00e4m\u00e4 kehys on varustettu napsautustoiminnolla mainosten vaihtamiseksi nopeasti ja helposti. Saatavana eri kokoisina.\" \/>\n<meta property=\"og:url\" content=\"https:\/\/agripo.se\/fi\/produkter\/lisavarusteet\/alumininen-kehys-a3-muovisuojalla\/\" \/>\n<meta property=\"og:site_name\" content=\"Agripo\" \/>\n<meta property=\"og:image\" content=\"https:\/\/agripo.se\/wp-content\/uploads\/2022\/05\/snappramar.jpg\" \/>\n\t<meta property=\"og:image:width\" content=\"800\" \/>\n\t<meta property=\"og:image:height\" content=\"1066\" \/>\n\t<meta property=\"og:image:type\" content=\"image\/jpeg\" \/>\n<meta name=\"twitter:card\" content=\"summary_large_image\" \/>\n<script type=\"application\/ld+json\" class=\"yoast-schema-graph\">{\"@context\":\"https:\/\/schema.org\",\"@graph\":[{\"@type\":\"WebPage\",\"@id\":\"https:\/\/agripo.se\/fi\/produkter\/lisavarusteet\/alumininen-kehys-a3-muovisuojalla\/\",\"url\":\"https:\/\/agripo.se\/fi\/produkter\/lisavarusteet\/alumininen-kehys-a3-muovisuojalla\/\",\"name\":\"ALUMININEN KEHYS A3 MUOVISUOJALLA - Agripo\",\"isPartOf\":{\"@id\":\"https:\/\/agripo.se\/fi\/#website\"},\"datePublished\":\"2022-05-11T11:54:00+00:00\",\"dateModified\":\"2022-05-11T11:54:00+00:00\",\"breadcrumb\":{\"@id\":\"https:\/\/agripo.se\/fi\/produkter\/lisavarusteet\/alumininen-kehys-a3-muovisuojalla\/#breadcrumb\"},\"inLanguage\":\"fi\",\"potentialAction\":[{\"@type\":\"ReadAction\",\"target\":[\"https:\/\/agripo.se\/fi\/produkter\/lisavarusteet\/alumininen-kehys-a3-muovisuojalla\/\"]}]},{\"@type\":\"BreadcrumbList\",\"@id\":\"https:\/\/agripo.se\/fi\/produkter\/lisavarusteet\/alumininen-kehys-a3-muovisuojalla\/#breadcrumb\",\"itemListElement\":[{\"@type\":\"ListItem\",\"position\":1,\"name\":\"Home\",\"item\":\"https:\/\/agripo.se\/fi\/\"},{\"@type\":\"ListItem\",\"position\":2,\"name\":\"Tuotteet\",\"item\":\"https:\/\/agripo.se\/fi\/tuotteet\/\"},{\"@type\":\"ListItem\",\"position\":3,\"name\":\"ALUMININEN KEHYS A3 MUOVISUOJALLA\"}]},{\"@type\":\"WebSite\",\"@id\":\"https:\/\/agripo.se\/fi\/#website\",\"url\":\"https:\/\/agripo.se\/fi\/\",\"name\":\"Agripo\",\"description\":\"The perfect way to sell potatoes\",\"potentialAction\":[{\"@type\":\"SearchAction\",\"target\":{\"@type\":\"EntryPoint\",\"urlTemplate\":\"https:\/\/agripo.se\/fi\/?s={search_term_string}\"},\"query-input\":\"required name=search_term_string\"}],\"inLanguage\":\"fi\"}]}<\/script>\n<!-- \/ Yoast SEO plugin. -->","yoast_head_json":{"title":"ALUMININEN KEHYS A3 MUOVISUOJALLA - Agripo","robots":{"index":"index","follow":"follow","max-snippet":"max-snippet:-1","max-image-preview":"max-image-preview:large","max-video-preview":"max-video-preview:-1"},"canonical":"https:\/\/agripo.se\/fi\/produkter\/lisavarusteet\/alumininen-kehys-a3-muovisuojalla\/","og_locale":"fi_FI","og_type":"article","og_title":"ALUMININEN KEHYS A3 MUOVISUOJALLA - Agripo","og_description":"Snap-runko, joka on valmistettu t\u00e4ysin ruostumattomista materiaaleista. T\u00e4m\u00e4 kehys on varustettu napsautustoiminnolla mainosten vaihtamiseksi nopeasti ja helposti. Saatavana eri kokoisina.","og_url":"https:\/\/agripo.se\/fi\/produkter\/lisavarusteet\/alumininen-kehys-a3-muovisuojalla\/","og_site_name":"Agripo","og_image":[{"width":800,"height":1066,"url":"https:\/\/agripo.se\/wp-content\/uploads\/2022\/05\/snappramar.jpg","type":"image\/jpeg"}],"twitter_card":"summary_large_image","schema":{"@context":"https:\/\/schema.org","@graph":[{"@type":"WebPage","@id":"https:\/\/agripo.se\/fi\/produkter\/lisavarusteet\/alumininen-kehys-a3-muovisuojalla\/","url":"https:\/\/agripo.se\/fi\/produkter\/lisavarusteet\/alumininen-kehys-a3-muovisuojalla\/","name":"ALUMININEN KEHYS A3 MUOVISUOJALLA - Agripo","isPartOf":{"@id":"https:\/\/agripo.se\/fi\/#website"},"datePublished":"2022-05-11T11:54:00+00:00","dateModified":"2022-05-11T11:54:00+00:00","breadcrumb":{"@id":"https:\/\/agripo.se\/fi\/produkter\/lisavarusteet\/alumininen-kehys-a3-muovisuojalla\/#breadcrumb"},"inLanguage":"fi","potentialAction":[{"@type":"ReadAction","target":["https:\/\/agripo.se\/fi\/produkter\/lisavarusteet\/alumininen-kehys-a3-muovisuojalla\/"]}]},{"@type":"BreadcrumbList","@id":"https:\/\/agripo.se\/fi\/produkter\/lisavarusteet\/alumininen-kehys-a3-muovisuojalla\/#breadcrumb","itemListElement":[{"@type":"ListItem","position":1,"name":"Home","item":"https:\/\/agripo.se\/fi\/"},{"@type":"ListItem","position":2,"name":"Tuotteet","item":"https:\/\/agripo.se\/fi\/tuotteet\/"},{"@type":"ListItem","position":3,"name":"ALUMININEN KEHYS A3 MUOVISUOJALLA"}]},{"@type":"WebSite","@id":"https:\/\/agripo.se\/fi\/#website","url":"https:\/\/agripo.se\/fi\/","name":"Agripo","description":"The perfect way to sell potatoes","potentialAction":[{"@type":"SearchAction","target":{"@type":"EntryPoint","urlTemplate":"https:\/\/agripo.se\/fi\/?s={search_term_string}"},"query-input":"required name=search_term_string"}],"inLanguage":"fi"}]}},"_links":{"self":[{"href":"https:\/\/agripo.se\/fi\/wp-json\/wp\/v2\/product\/1438"}],"collection":[{"href":"https:\/\/agripo.se\/fi\/wp-json\/wp\/v2\/product"}],"about":[{"href":"https:\/\/agripo.se\/fi\/wp-json\/wp\/v2\/types\/product"}],"wp:featuredmedia":[{"embeddable":true,"href":"https:\/\/agripo.se\/fi\/wp-json\/wp\/v2\/media\/1342"}],"wp:attachment":[{"href":"https:\/\/agripo.se\/fi\/wp-json\/wp\/v2\/media?parent=1438"}],"wp:term":[{"taxonomy":"product_cat","embeddable":true,"href":"https:\/\/agripo.se\/fi\/wp-json\/wp\/v2\/product_cat?post=1438"},{"taxonomy":"product_tag","embeddable":true,"href":"https:\/\/agripo.se\/fi\/wp-json\/wp\/v2\/product_tag?post=1438"}],"curies":[{"name":"wp","href":"https:\/\/api.w.org\/{rel}","templated":true}]}}